{"id":431,"date":"2015-06-15T12:31:02","date_gmt":"2015-06-15T12:31:02","guid":{"rendered":"http:\/\/keine-osttangente.de\/?page_id=431"},"modified":"2021-04-09T08:43:32","modified_gmt":"2021-04-09T08:43:32","slug":"abonnieren","status":"publish","type":"page","link":"https:\/\/keine-osttangente.de\/?page_id=431","title":{"rendered":"Abonnieren"},"content":{"rendered":"<p>Wenn Sie aktiv von uns informiert werden m\u00f6chten, gibt es mehrere M\u00f6glichkeiten:<\/p>\n<ul>\n<li>Sie k\u00f6nnen sich unsere <strong>RSS Feeds<\/strong> abonnieren (linke Spalte ganz unten im Abschnitt Administration). Sie k\u00f6nnen die Beitr\u00e4ge abonnieren und \/ oder die Kommentare.<\/li>\n<li>Viele Informationen geben wir auch \u00fcber unsere <strong><a href=\"http:\/\/www.facebook.com\/groups\/759655640822415\/\" target=\"_blank\" rel=\"noopener\">Facebook-Gruppe<\/a><\/strong> bekannt. Dort finden ebenfalls Diskussionen statt. Schauen Sie doch mal rein.<\/li>\n<li>Ferner bieten wir auch einen <a href=\"https:\/\/keine-osttangente.de\/?page_id=1583\"><strong>Newsletter<\/strong><\/a> an. Wir schicken Ihnen in unregelm\u00e4\u00dfigen Abst\u00e4nden Informationen zu unseren Themen.<\/li>\n<\/ul>\n","protected":false},"excerpt":{"rendered":"<p>Wenn Sie aktiv von uns informiert werden m\u00f6chten, gibt es mehrere M\u00f6glichkeiten: Sie k\u00f6nnen sich unsere RSS Feeds abonnieren (linke Spalte ganz unten im Abschnitt Administration). Sie k\u00f6nnen die Beitr\u00e4ge abonnieren und \/ oder die Kommentare. Viele Informationen geben wir auch \u00fcber unsere Facebook-Gruppe bekannt. Dort finden ebenfalls Diskussionen statt. Schauen Sie doch mal rein. &hellip; <a href=\"https:\/\/keine-osttangente.de\/?page_id=431\" class=\"more-link\"><span class=\"screen-reader-text\">Abonnieren<\/span> weiterlesen <span class=\"meta-nav\">&rarr;<\/span><\/a><\/p>\n","protected":false},"author":1,"featured_media":0,"parent":0,"menu_order":0,"comment_status":"closed","ping_status":"closed","template":"","meta":{"jetpack_post_was_ever_published":false,"footnotes":""},"jetpack_shortlink":"https:\/\/wp.me\/P8dGOP-6X","jetpack-related-posts":[{"id":389,"url":"https:\/\/keine-osttangente.de\/?page_id=389","url_meta":{"origin":431,"position":0},"title":"M\u00f6glichkeiten &#8230;","author":"Admin","date":"13. Juni 2015","format":false,"excerpt":"Die Osttangente Augsburg k\u00f6nnen wir nur verhindern, wenn m\u00f6glichst viele Menschen sich zum Thema informieren, dagegen unterschreiben oder sich aktiv in der Aktionsgemeinschaft engagieren. Informieren Sie sich bei uns auf unseren Webseiten Besuchen Sie unsere Veranstaltungen Sprechen Sie Politiker aller Parteien an und teilen Sie ihre Meinung mit Abonnieren Sie\u2026","rel":"","context":"Mit 1 Kommentar","block_context":{"text":"Mit 1 Kommentar","link":"https:\/\/keine-osttangente.de\/?page_id=389#comments"},"img":{"alt_text":"","src":"","width":0,"height":0},"classes":[]},{"id":1576,"url":"https:\/\/keine-osttangente.de\/?page_id=1576","url_meta":{"origin":431,"position":1},"title":"Hilfe","author":"Admin","date":"16. Mai 2018","format":false,"excerpt":"Wir bieten auf diesen Seiten umfangreiche Informationen zum Thema Mobilitaet an. Hier ein \u00dcberblick \u00fcber die Funktionen: \u00a0 Header - dient zur Information Men\u00fcleiste - enth\u00e4lt statische Informationen (siehe unten) Linke Seitenleiste - zus\u00e4tzliche Funktionen Rechte Seitenleiste - zus\u00e4tzliche Funktionen Inhaltsbereich - die eigentlichen \/ dynamischen Informationen. Hier k\u00f6nnen Sie\u2026","rel":"","context":"\u00c4hnlicher Beitrag","block_context":{"text":"\u00c4hnlicher Beitrag","link":""},"img":{"alt_text":"","src":"https:\/\/i0.wp.com\/keine-osttangente.de\/wp-content\/uploads\/2018\/05\/Hilfe.jpg?resize=350%2C200","width":350,"height":200,"srcset":"https:\/\/i0.wp.com\/keine-osttangente.de\/wp-content\/uploads\/2018\/05\/Hilfe.jpg?resize=350%2C200 1x, https:\/\/i0.wp.com\/keine-osttangente.de\/wp-content\/uploads\/2018\/05\/Hilfe.jpg?resize=525%2C300 1.5x, https:\/\/i0.wp.com\/keine-osttangente.de\/wp-content\/uploads\/2018\/05\/Hilfe.jpg?resize=700%2C400 2x, https:\/\/i0.wp.com\/keine-osttangente.de\/wp-content\/uploads\/2018\/05\/Hilfe.jpg?resize=1050%2C600 3x"},"classes":[]},{"id":221,"url":"https:\/\/keine-osttangente.de\/?page_id=221","url_meta":{"origin":431,"position":2},"title":"Mitmachen","author":"Admin","date":"22. Mai 2015","format":false,"excerpt":"Die Osttangente Augsburg k\u00f6nnen wir nur verhindern, wenn m\u00f6glichst viele Menschen sich zum Thema informieren, dagegen unterschreiben oder sich aktiv in der Aktionsgemeinschaft engagieren. Informieren Sie sich bei uns auf unseren Webseiten Unterschreiben Sie gegen die Osttangente Sprechen Sie Politiker aller Parteien an und teilen Sie ihre Meinung mit Abonnieren\u2026","rel":"","context":"\u00c4hnlicher Beitrag","block_context":{"text":"\u00c4hnlicher Beitrag","link":""},"img":{"alt_text":"","src":"","width":0,"height":0},"classes":[]},{"id":1583,"url":"https:\/\/keine-osttangente.de\/?page_id=1583","url_meta":{"origin":431,"position":3},"title":"Newsletter","author":"Admin","date":"16. Mai 2018","format":false,"excerpt":"Hier k\u00f6nnen Sie sich in unseren Newsletter-Verteiler aufnehmen lassen. Wir senden Ihnen dann Einladungen und Informationen zu unseren Themen zu. \u00a0Hierf\u00fcr ben\u00f6tigen wir Ihre E-Mail-Adresse und Ihre Erkl\u00e4rung, dass Sie mit dem Bezug des Newsletters einverstanden sind. Schicken\u00a0 Sie uns bitte eine E-Mail\u00a0 mit dem Betreff 'Newsletter abonnieren' an die\u2026","rel":"","context":"\u00c4hnlicher Beitrag","block_context":{"text":"\u00c4hnlicher Beitrag","link":""},"img":{"alt_text":"","src":"","width":0,"height":0},"classes":[]},{"id":2,"url":"https:\/\/keine-osttangente.de\/?page_id=2","url_meta":{"origin":431,"position":4},"title":"Information","author":"Admin","date":"28. April 2015","format":false,"excerpt":"Wir sind ein Aktionsb\u00fcndnis gegen die geplante Osttangente zwischen der B17 s\u00fcdlich von K\u00f6nigsbrunn und der A8 bei Friedberg. Wir wollen keine 4-spurige, autobahn\u00e4hnliche Bundesstrasse durch sensible und wichtige Naturschutz-, Wasserschutz- und Naherholungsgebiete. Wir wollen unsere Natur und Heimat erhalten, f\u00fcr unsere Kinder und zuk\u00fcnftige Generationen. Bitte unterst\u00fctzen Sie uns\u2026","rel":"","context":"\u00c4hnlicher Beitrag","block_context":{"text":"\u00c4hnlicher Beitrag","link":""},"img":{"alt_text":"","src":"","width":0,"height":0},"classes":[]},{"id":746,"url":"https:\/\/keine-osttangente.de\/?page_id=746","url_meta":{"origin":431,"position":5},"title":"\u00d6ffentlichkeitsbeteiligung","author":"Admin","date":"14. M\u00e4rz 2016","format":false,"excerpt":"Vom 21.3.2016 bis 2.5.2016 l\u00e4uft die \u00d6ffentlichkeitsbeteiligung zum Bundesverkehrswegeplan 2030. F\u00fcr uns ist nur das Projekt B002-G080-BY\u00a0 \"Osttangente Augsburg\" relevant. Wie k\u00f6nnen Sie sich beteiligen? Wichtig ist, dass Sie sich beteiligen und auch Freunde und Bekannte auf die Thematik hinweisen. Nur wenn wir auch hier unsere Bedenken und Einw\u00e4nde formulieren\u2026","rel":"","context":"\u00c4hnlicher Beitrag","block_context":{"text":"\u00c4hnlicher Beitrag","link":""},"img":{"alt_text":"","src":"","width":0,"height":0},"classes":[]}],"jetpack_likes_enabled":true,"jetpack_sharing_enabled":true,"_links":{"self":[{"href":"https:\/\/keine-osttangente.de\/index.php?rest_route=\/wp\/v2\/pages\/431"}],"collection":[{"href":"https:\/\/keine-osttangente.de\/index.php?rest_route=\/wp\/v2\/pages"}],"about":[{"href":"https:\/\/keine-osttangente.de\/index.php?rest_route=\/wp\/v2\/types\/page"}],"author":[{"embeddable":true,"href":"https:\/\/keine-osttangente.de\/index.php?rest_route=\/wp\/v2\/users\/1"}],"replies":[{"embeddable":true,"href":"https:\/\/keine-osttangente.de\/index.php?rest_route=%2Fwp%2Fv2%2Fcomments&post=431"}],"version-history":[{"count":7,"href":"https:\/\/keine-osttangente.de\/index.php?rest_route=\/wp\/v2\/pages\/431\/revisions"}],"predecessor-version":[{"id":2154,"href":"https:\/\/keine-osttangente.de\/index.php?rest_route=\/wp\/v2\/pages\/431\/revisions\/2154"}],"wp:attachment":[{"href":"https:\/\/keine-osttangente.de\/index.php?rest_route=%2Fwp%2Fv2%2Fmedia&parent=431"}],"curies":[{"name":"wp","href":"https:\/\/api.w.org\/{rel}","templated":true}]}}