{"id":394,"date":"2015-06-13T09:37:32","date_gmt":"2015-06-13T09:37:32","guid":{"rendered":"http:\/\/keine-osttangente.de\/?page_id=394"},"modified":"2018-09-24T19:06:06","modified_gmt":"2018-09-24T19:06:06","slug":"wer-wir-sind","status":"publish","type":"page","link":"https:\/\/keine-osttangente.de\/?page_id=394","title":{"rendered":"Wer wir sind"},"content":{"rendered":"<p>Wir sind ein Aktionsb\u00fcndnis gegen die geplante Osttangente zwischen der B17 s\u00fcdlich von K\u00f6nigsbrunn und der A8 bei Friedberg. Das Aktionsb\u00fcndnis ist ein Projekt des Vereins &#8222;AKO-Alternative Konzepte f\u00fcr Mobilit\u00e4t e.V.&#8220; und wird von diesem koordiniert.<\/p>\n<p>Wir wollen keine 4-spurige, autobahn\u00e4hnliche Bundesstrasse durch sensible und wichtige Naturschutz-, Wasserschutz- und Naherholungsgebiete. Wir wollen unsere Natur und Heimat erhalten, f\u00fcr unsere Kinder und zuk\u00fcnftige Generationen.<\/p>\n<p><a href=\"https:\/\/keine-osttangente.de\/?page_id=221\">Bitte unterst\u00fctzen Sie uns dabei und beteiligen Sie sich bei unseren Aktionen<\/a>.<\/p>\n<p>Weitere Information bekommen Sie auch \u00fcber unsere <a href=\"https:\/\/www.facebook.com\/groups\/759655640822415\/\" target=\"_blank\" rel=\"noopener\">Facebook-Gruppe<\/a>.<\/p>\n","protected":false},"excerpt":{"rendered":"<p>Wir sind ein Aktionsb\u00fcndnis gegen die geplante Osttangente zwischen der B17 s\u00fcdlich von K\u00f6nigsbrunn und der A8 bei Friedberg. Das Aktionsb\u00fcndnis ist ein Projekt des Vereins &#8222;AKO-Alternative Konzepte f\u00fcr Mobilit\u00e4t e.V.&#8220; und wird von diesem koordiniert. Wir wollen keine 4-spurige, autobahn\u00e4hnliche Bundesstrasse durch sensible und wichtige Naturschutz-, Wasserschutz- und Naherholungsgebiete. Wir wollen unsere Natur und &hellip; <a href=\"https:\/\/keine-osttangente.de\/?page_id=394\" class=\"more-link\"><span class=\"screen-reader-text\">Wer wir sind<\/span> weiterlesen <span class=\"meta-nav\">&rarr;<\/span><\/a><\/p>\n","protected":false},"author":1,"featured_media":0,"parent":0,"menu_order":0,"comment_status":"open","ping_status":"open","template":"","meta":{"jetpack_post_was_ever_published":false,"footnotes":""},"jetpack_shortlink":"https:\/\/wp.me\/P8dGOP-6m","jetpack-related-posts":[{"id":2,"url":"https:\/\/keine-osttangente.de\/?page_id=2","url_meta":{"origin":394,"position":0},"title":"Information","author":"Admin","date":"28. April 2015","format":false,"excerpt":"Wir sind ein Aktionsb\u00fcndnis gegen die geplante Osttangente zwischen der B17 s\u00fcdlich von K\u00f6nigsbrunn und der A8 bei Friedberg. Wir wollen keine 4-spurige, autobahn\u00e4hnliche Bundesstrasse durch sensible und wichtige Naturschutz-, Wasserschutz- und Naherholungsgebiete. Wir wollen unsere Natur und Heimat erhalten, f\u00fcr unsere Kinder und zuk\u00fcnftige Generationen. Bitte unterst\u00fctzen Sie uns\u2026","rel":"","context":"\u00c4hnlicher Beitrag","block_context":{"text":"\u00c4hnlicher Beitrag","link":""},"img":{"alt_text":"","src":"","width":0,"height":0},"classes":[]},{"id":122,"url":"https:\/\/keine-osttangente.de\/?page_id=122","url_meta":{"origin":394,"position":1},"title":"Wof\u00fcr wir stehen","author":"Admin","date":"22. Mai 2015","format":false,"excerpt":"Wir sind ein unabh\u00e4ngiges Aktionsb\u00fcndnis gegen die geplante Osttangente zwischen der A8 bei Derching und der B17 bei Oberottmarshausen . Wir wollen keine 4-spurige, autobahn\u00e4hnliche Bundesstrasse durch sensible und wichtige Naturschutz-, Wasserschutz- und Naherholungsgebiete. Wir wollen unsere Natur und Heimat erhalten, f\u00fcr unsere Kinder und zuk\u00fcnftige Generationen. Bitte unterst\u00fctzen Sie\u2026","rel":"","context":"Mit 28 Kommentaren","block_context":{"text":"Mit 28 Kommentaren","link":"https:\/\/keine-osttangente.de\/?page_id=122#comments"},"img":{"alt_text":"IMAG0478_klein","src":"https:\/\/i0.wp.com\/keine-osttangente.de\/wp-content\/uploads\/2015\/05\/IMAG0478_klein.jpg?resize=350%2C200","width":350,"height":200,"srcset":"https:\/\/i0.wp.com\/keine-osttangente.de\/wp-content\/uploads\/2015\/05\/IMAG0478_klein.jpg?resize=350%2C200 1x, https:\/\/i0.wp.com\/keine-osttangente.de\/wp-content\/uploads\/2015\/05\/IMAG0478_klein.jpg?resize=525%2C300 1.5x, https:\/\/i0.wp.com\/keine-osttangente.de\/wp-content\/uploads\/2015\/05\/IMAG0478_klein.jpg?resize=700%2C400 2x"},"classes":[]},{"id":389,"url":"https:\/\/keine-osttangente.de\/?page_id=389","url_meta":{"origin":394,"position":2},"title":"M\u00f6glichkeiten &#8230;","author":"Admin","date":"13. Juni 2015","format":false,"excerpt":"Die Osttangente Augsburg k\u00f6nnen wir nur verhindern, wenn m\u00f6glichst viele Menschen sich zum Thema informieren, dagegen unterschreiben oder sich aktiv in der Aktionsgemeinschaft engagieren. Informieren Sie sich bei uns auf unseren Webseiten Besuchen Sie unsere Veranstaltungen Sprechen Sie Politiker aller Parteien an und teilen Sie ihre Meinung mit Abonnieren Sie\u2026","rel":"","context":"Mit 1 Kommentar","block_context":{"text":"Mit 1 Kommentar","link":"https:\/\/keine-osttangente.de\/?page_id=389#comments"},"img":{"alt_text":"","src":"","width":0,"height":0},"classes":[]},{"id":738,"url":"https:\/\/keine-osttangente.de\/?page_id=738","url_meta":{"origin":394,"position":3},"title":"Keine Osttangente","author":"Admin","date":"14. M\u00e4rz 2016","format":false,"excerpt":"NEUES Die Firma Honold hat auf eine weitere Bewerbung um Mering verzichtet.\u00a0 Der B\u00fcrgermeister h\u00e4lt nach wie vor daran fest, einen Gro\u00dfinvestor zu suchen und der Bebauungsplan Nr. 67 bleibt weiter aktiv. Die \u00dcbergabe der Petition findet daher trotz des R\u00fcckziehers von Honold \u00f6ffentlich am Dienstag, den 24.4.2018 um 17\u2026","rel":"","context":"Mit 35 Kommentaren","block_context":{"text":"Mit 35 Kommentaren","link":"https:\/\/keine-osttangente.de\/?page_id=738#comments"},"img":{"alt_text":"","src":"https:\/\/i0.wp.com\/keine-osttangente.de\/wp-content\/uploads\/2017\/11\/dobrindt-300x233.jpg?resize=350%2C200","width":350,"height":200},"classes":[]},{"id":1574,"url":"https:\/\/keine-osttangente.de\/?page_id=1574","url_meta":{"origin":394,"position":4},"title":"Datenschutzerkl\u00e4rung","author":"Admin","date":"16. Mai 2018","format":false,"excerpt":"Diese Erkl\u00e4rung gilt f\u00fcr den Verein AKO-Alternative Konzepte f\u00fcr Mobilit\u00e4t e.V. sowie f\u00fcr das Aktionsb\u00fcndnis keine Osttangente. Der Schutz Ihrer pers\u00f6nlichen Daten ist uns ein besonderes Anliegen. Wir verarbeiten Ihre Daten daher ausschlie\u00dflich auf Grundlage der gesetzlichen Bestimmungen (EU-Datenschutzgrundverordnung (DSGVO), Telemediengesetz). In diesen Datenschutzinformationen informieren wir Sie \u00fcber die wichtigsten\u2026","rel":"","context":"\u00c4hnlicher Beitrag","block_context":{"text":"\u00c4hnlicher Beitrag","link":""},"img":{"alt_text":"","src":"","width":0,"height":0},"classes":[]},{"id":36,"url":"https:\/\/keine-osttangente.de\/?page_id=36","url_meta":{"origin":394,"position":5},"title":"Warum wir keine Osttangente brauchen","author":"Admin","date":"20. Mai 2015","format":false,"excerpt":"\"Natur und Menschen sind das kastbarste Gut, das wir Menschen haben. Wir d\u00fcrfen und k\u00f6nnen sie nicht opfern, f\u00fcr Macht und sonstige Interessen. Wir haben eine Verpflichtung f\u00fcr k\u00fcnftige Generationen, deren Lebensgrundlagen wir, die heutige Generation, nicht zerst\u00f6ren d\u00fcrfen. Dies ist eine Verpflichtung f\u00fcr uns alle.\" Hans Schuierer, ehemaliger Landrat\u2026","rel":"","context":"\u00c4hnlicher Beitrag","block_context":{"text":"\u00c4hnlicher Beitrag","link":""},"img":{"alt_text":"","src":"","width":0,"height":0},"classes":[]}],"jetpack_likes_enabled":true,"jetpack_sharing_enabled":true,"_links":{"self":[{"href":"https:\/\/keine-osttangente.de\/index.php?rest_route=\/wp\/v2\/pages\/394"}],"collection":[{"href":"https:\/\/keine-osttangente.de\/index.php?rest_route=\/wp\/v2\/pages"}],"about":[{"href":"https:\/\/keine-osttangente.de\/index.php?rest_route=\/wp\/v2\/types\/page"}],"author":[{"embeddable":true,"href":"https:\/\/keine-osttangente.de\/index.php?rest_route=\/wp\/v2\/users\/1"}],"replies":[{"embeddable":true,"href":"https:\/\/keine-osttangente.de\/index.php?rest_route=%2Fwp%2Fv2%2Fcomments&post=394"}],"version-history":[{"count":6,"href":"https:\/\/keine-osttangente.de\/index.php?rest_route=\/wp\/v2\/pages\/394\/revisions"}],"predecessor-version":[{"id":1641,"href":"https:\/\/keine-osttangente.de\/index.php?rest_route=\/wp\/v2\/pages\/394\/revisions\/1641"}],"wp:attachment":[{"href":"https:\/\/keine-osttangente.de\/index.php?rest_route=%2Fwp%2Fv2%2Fmedia&parent=394"}],"curies":[{"name":"wp","href":"https:\/\/api.w.org\/{rel}","templated":true}]}}