{"id":389,"date":"2015-06-13T09:33:23","date_gmt":"2015-06-13T09:33:23","guid":{"rendered":"http:\/\/keine-osttangente.de\/?page_id=389"},"modified":"2017-06-30T12:37:14","modified_gmt":"2017-06-30T12:37:14","slug":"ein-ueberblick","status":"publish","type":"page","link":"https:\/\/keine-osttangente.de\/?page_id=389","title":{"rendered":"M\u00f6glichkeiten &#8230;"},"content":{"rendered":"<p>Die Osttangente Augsburg k\u00f6nnen wir nur verhindern, wenn m\u00f6glichst viele Menschen sich zum Thema informieren, dagegen unterschreiben oder sich aktiv in der Aktionsgemeinschaft engagieren.<\/p>\n<ul>\n<li><a href=\"https:\/\/keine-osttangente.de\/?page_id=2\">Informieren Sie sich<\/a> bei uns auf unseren Webseiten<\/li>\n<li>Besuchen Sie unsere <a href=\"https:\/\/keine-osttangente.de?post_type=tribe_events\">Veranstaltungen<\/a><\/li>\n<li>Sprechen Sie Politiker aller Parteien an und teilen Sie ihre Meinung mit<\/li>\n<li><a href=\"https:\/\/keine-osttangente.de\/?page_id=431\">Abonnieren<\/a> Sie Informationen \u00fcber RSS, Facebook oder E-Mail<\/li>\n<li>Unterst\u00fctzen Sie uns aktiv mit einer <a href=\"https:\/\/keine-osttangente.de\/?page_id=386\">Spende<\/a><\/li>\n<li><a href=\"https:\/\/keine-osttangente.de\/?p=1309\">Werden Sie Mitglied in unserem Verein AKO<\/a><\/li>\n<li>Arbeiten Sie aktiv im Aktionsb\u00fcndnis mit<\/li>\n<\/ul>\n<p>Zusammen l\u00e4\u00dft sich viel bewegen!<\/p>\n","protected":false},"excerpt":{"rendered":"<p>Die Osttangente Augsburg k\u00f6nnen wir nur verhindern, wenn m\u00f6glichst viele Menschen sich zum Thema informieren, dagegen unterschreiben oder sich aktiv in der Aktionsgemeinschaft engagieren. Informieren Sie sich bei uns auf unseren Webseiten Besuchen Sie unsere Veranstaltungen Sprechen Sie Politiker aller Parteien an und teilen Sie ihre Meinung mit Abonnieren Sie Informationen \u00fcber RSS, Facebook oder &hellip; <a href=\"https:\/\/keine-osttangente.de\/?page_id=389\" class=\"more-link\"><span class=\"screen-reader-text\">M\u00f6glichkeiten &#8230;<\/span> weiterlesen <span class=\"meta-nav\">&rarr;<\/span><\/a><\/p>\n","protected":false},"author":1,"featured_media":0,"parent":0,"menu_order":0,"comment_status":"open","ping_status":"open","template":"","meta":{"jetpack_post_was_ever_published":false,"footnotes":""},"jetpack_shortlink":"https:\/\/wp.me\/P8dGOP-6h","jetpack-related-posts":[{"id":221,"url":"https:\/\/keine-osttangente.de\/?page_id=221","url_meta":{"origin":389,"position":0},"title":"Mitmachen","author":"Admin","date":"22. Mai 2015","format":false,"excerpt":"Die Osttangente Augsburg k\u00f6nnen wir nur verhindern, wenn m\u00f6glichst viele Menschen sich zum Thema informieren, dagegen unterschreiben oder sich aktiv in der Aktionsgemeinschaft engagieren. Informieren Sie sich bei uns auf unseren Webseiten Unterschreiben Sie gegen die Osttangente Sprechen Sie Politiker aller Parteien an und teilen Sie ihre Meinung mit Abonnieren\u2026","rel":"","context":"\u00c4hnlicher Beitrag","block_context":{"text":"\u00c4hnlicher Beitrag","link":""},"img":{"alt_text":"","src":"","width":0,"height":0},"classes":[]},{"id":431,"url":"https:\/\/keine-osttangente.de\/?page_id=431","url_meta":{"origin":389,"position":1},"title":"Abonnieren","author":"Admin","date":"15. Juni 2015","format":false,"excerpt":"Wenn Sie aktiv von uns informiert werden m\u00f6chten, gibt es mehrere M\u00f6glichkeiten: Sie k\u00f6nnen sich unsere RSS Feeds abonnieren (linke Spalte ganz unten im Abschnitt Administration). Sie k\u00f6nnen die Beitr\u00e4ge abonnieren und \/ oder die Kommentare. Viele Informationen geben wir auch \u00fcber unsere Facebook-Gruppe bekannt. Dort finden ebenfalls Diskussionen statt.\u2026","rel":"","context":"\u00c4hnlicher Beitrag","block_context":{"text":"\u00c4hnlicher Beitrag","link":""},"img":{"alt_text":"","src":"","width":0,"height":0},"classes":[]},{"id":1574,"url":"https:\/\/keine-osttangente.de\/?page_id=1574","url_meta":{"origin":389,"position":2},"title":"Datenschutzerkl\u00e4rung","author":"Admin","date":"16. Mai 2018","format":false,"excerpt":"Diese Erkl\u00e4rung gilt f\u00fcr den Verein AKO-Alternative Konzepte f\u00fcr Mobilit\u00e4t e.V. sowie f\u00fcr das Aktionsb\u00fcndnis keine Osttangente. Der Schutz Ihrer pers\u00f6nlichen Daten ist uns ein besonderes Anliegen. Wir verarbeiten Ihre Daten daher ausschlie\u00dflich auf Grundlage der gesetzlichen Bestimmungen (EU-Datenschutzgrundverordnung (DSGVO), Telemediengesetz). In diesen Datenschutzinformationen informieren wir Sie \u00fcber die wichtigsten\u2026","rel":"","context":"\u00c4hnlicher Beitrag","block_context":{"text":"\u00c4hnlicher Beitrag","link":""},"img":{"alt_text":"","src":"","width":0,"height":0},"classes":[]},{"id":738,"url":"https:\/\/keine-osttangente.de\/?page_id=738","url_meta":{"origin":389,"position":3},"title":"Keine Osttangente","author":"Admin","date":"14. M\u00e4rz 2016","format":false,"excerpt":"NEUES Die Firma Honold hat auf eine weitere Bewerbung um Mering verzichtet.\u00a0 Der B\u00fcrgermeister h\u00e4lt nach wie vor daran fest, einen Gro\u00dfinvestor zu suchen und der Bebauungsplan Nr. 67 bleibt weiter aktiv. Die \u00dcbergabe der Petition findet daher trotz des R\u00fcckziehers von Honold \u00f6ffentlich am Dienstag, den 24.4.2018 um 17\u2026","rel":"","context":"Mit 35 Kommentaren","block_context":{"text":"Mit 35 Kommentaren","link":"https:\/\/keine-osttangente.de\/?page_id=738#comments"},"img":{"alt_text":"","src":"https:\/\/i0.wp.com\/keine-osttangente.de\/wp-content\/uploads\/2017\/11\/dobrindt-300x233.jpg?resize=350%2C200","width":350,"height":200},"classes":[]},{"id":746,"url":"https:\/\/keine-osttangente.de\/?page_id=746","url_meta":{"origin":389,"position":4},"title":"\u00d6ffentlichkeitsbeteiligung","author":"Admin","date":"14. M\u00e4rz 2016","format":false,"excerpt":"Vom 21.3.2016 bis 2.5.2016 l\u00e4uft die \u00d6ffentlichkeitsbeteiligung zum Bundesverkehrswegeplan 2030. F\u00fcr uns ist nur das Projekt B002-G080-BY\u00a0 \"Osttangente Augsburg\" relevant. Wie k\u00f6nnen Sie sich beteiligen? Wichtig ist, dass Sie sich beteiligen und auch Freunde und Bekannte auf die Thematik hinweisen. Nur wenn wir auch hier unsere Bedenken und Einw\u00e4nde formulieren\u2026","rel":"","context":"\u00c4hnlicher Beitrag","block_context":{"text":"\u00c4hnlicher Beitrag","link":""},"img":{"alt_text":"","src":"","width":0,"height":0},"classes":[]},{"id":1404,"url":"https:\/\/keine-osttangente.de\/?page_id=1404","url_meta":{"origin":389,"position":5},"title":"Keine Osttangente","author":"Admin","date":"4. November 2018","format":false,"excerpt":"Die Osttangente soll als neue Schnellstra\u00dfe zwischen Oberottmarshausen (B17) bis Derching (A8) zur Entlastung der B17 und zur Lenkung \u00fcberregionaler Verkehrsstr\u00f6me zwischen Lindauer (A96) und Stuttgarter Autobahn (A8) gebaut werden. Die Ausbaugesetze f\u00fcr den Bundesverkehrswegeplan 2030 und damit die Osttangente Augsburg sind im Herbst 2016 mit der Mehrheit der CDU\/CSU\u2026","rel":"","context":"\u00c4hnlicher Beitrag","block_context":{"text":"\u00c4hnlicher Beitrag","link":""},"img":{"alt_text":"","src":"","width":0,"height":0},"classes":[]}],"jetpack_likes_enabled":true,"jetpack_sharing_enabled":true,"_links":{"self":[{"href":"https:\/\/keine-osttangente.de\/index.php?rest_route=\/wp\/v2\/pages\/389"}],"collection":[{"href":"https:\/\/keine-osttangente.de\/index.php?rest_route=\/wp\/v2\/pages"}],"about":[{"href":"https:\/\/keine-osttangente.de\/index.php?rest_route=\/wp\/v2\/types\/page"}],"author":[{"embeddable":true,"href":"https:\/\/keine-osttangente.de\/index.php?rest_route=\/wp\/v2\/users\/1"}],"replies":[{"embeddable":true,"href":"https:\/\/keine-osttangente.de\/index.php?rest_route=%2Fwp%2Fv2%2Fcomments&post=389"}],"version-history":[{"count":5,"href":"https:\/\/keine-osttangente.de\/index.php?rest_route=\/wp\/v2\/pages\/389\/revisions"}],"predecessor-version":[{"id":1321,"href":"https:\/\/keine-osttangente.de\/index.php?rest_route=\/wp\/v2\/pages\/389\/revisions\/1321"}],"wp:attachment":[{"href":"https:\/\/keine-osttangente.de\/index.php?rest_route=%2Fwp%2Fv2%2Fmedia&parent=389"}],"curies":[{"name":"wp","href":"https:\/\/api.w.org\/{rel}","templated":true}]}}