{"id":24,"date":"2015-05-20T14:46:58","date_gmt":"2015-05-20T14:46:58","guid":{"rendered":"http:\/\/keine-osttangente.de\/?page_id=24"},"modified":"2022-07-14T11:05:28","modified_gmt":"2022-07-14T11:05:28","slug":"impressum","status":"publish","type":"page","link":"https:\/\/keine-osttangente.de\/?page_id=24","title":{"rendered":"Impressum"},"content":{"rendered":"<div class=\"entry-content\">\n<div id=\"post-2\">\n<div>\n<p>Diese Web-Auftritt und Blog ist von dem Verein<br \/>\n<em>AKO-Alternative Konzepte f\u00fcr Mobilit\u00e4t e.V.<\/em><br \/>\neingerichtet.<\/p>\n<p><strong>Inhaltlich Verantwortlicher nach Paragraph 5 TMG<\/strong>:<br \/>\nAKO-Alternative Konzepte f\u00fcr Mobilit\u00e4t e.V.<br \/>\nVorstand Wolfhard von Thienen<br \/>\nSachseng\u00e4sschen 3<br \/>\n86415 Mering<br \/>\nTel. 08233-31286<br \/>\n<a href=\"mailto:info@keine-osttangente.de\">E-Mail<\/a><\/p>\n<h5><strong>Datenschutzerkl\u00e4rung<\/strong><\/h5>\n<p>Wir wissen, dass Sie dem Thema Datenschutz gro\u00dfe Bedeutung beimessen. Deshalb ist uns der Schutz Ihrer pers\u00f6nlichen Daten ein wichtiges Anliegen. Details finden Sie in unserer <a href=\"https:\/\/keine-osttangente.de\/?page_id=1574\"><strong>Datenschutzerkl\u00e4rung<\/strong><\/a>.<\/p>\n<h5><strong>Kommentar- \/ Blogfunktion<\/strong><\/h5>\n<p>Kommentare mit rassistischen, beleidigendem oder anst\u00f6\u00dfigem Inhalt werden von den Adminstratoren zeitnah entfernt. Mehr zu diesem Thema in unserer <a href=\"https:\/\/keine-osttangente.de\/?page_id=1576\"><strong>Hilfe<\/strong><\/a> Seite.<\/p>\n<h5>Urheberrecht<\/h5>\n<p>Die durch die Seitenbetreiber erstellten Inhalte und Werke auf diesen\u00a0 Seiten unterliegen dem deutschen Urheberrecht. Die Vervielf\u00e4ltigung,\u00a0 Bearbeitung, Verbreitung und jede Art der Verwertung au\u00dferhalb der\u00a0 Grenzen des Urheberrechtes bed\u00fcrfen der schriftlichen Zustimmung des\u00a0 jeweiligen Autors bzw. Erstellers. Downloads und Kopien dieser Seite\u00a0 sind nur f\u00fcr den privaten, nicht kommerziellen Gebrauch gestattet.\u00a0 Soweit die Inhalte auf dieser Seite nicht vom Betreiber erstellt wurden, werden die Urheberrechte Dritter beachtet. Insbesondere werden Inhalte\u00a0 Dritter als solche gekennzeichnet. Sollten Sie trotzdem auf eine\u00a0 Urheberrechtsverletzung aufmerksam werden, bitten wir um einen\u00a0 entsprechenden Hinweis. Bei Bekanntwerden von Rechtsverletzungen werden\u00a0 wir derartige Inhalte umgehend entfernen.<\/p>\n<p>Teile dieses Website Impressums wurden erstellt durch <a href=\"http:\/\/www.impressum-generator.de\" target=\"_blank\" rel=\"noopener\">impressum-generator.de<\/a> von Franziska Hasselbach.<\/p>\n<\/div>\n<\/div>\n<\/div>\n","protected":false},"excerpt":{"rendered":"<p>Diese Web-Auftritt und Blog ist von dem Verein AKO-Alternative Konzepte f\u00fcr Mobilit\u00e4t e.V. eingerichtet. Inhaltlich Verantwortlicher nach Paragraph 5 TMG: AKO-Alternative Konzepte f\u00fcr Mobilit\u00e4t e.V. Vorstand Wolfhard von Thienen Sachseng\u00e4sschen 3 86415 Mering Tel. 08233-31286 E-Mail Datenschutzerkl\u00e4rung Wir wissen, dass Sie dem Thema Datenschutz gro\u00dfe Bedeutung beimessen. Deshalb ist uns der Schutz Ihrer pers\u00f6nlichen Daten &hellip; <a href=\"https:\/\/keine-osttangente.de\/?page_id=24\" class=\"more-link\"><span class=\"screen-reader-text\">Impressum<\/span> weiterlesen <span class=\"meta-nav\">&rarr;<\/span><\/a><\/p>\n","protected":false},"author":1,"featured_media":0,"parent":0,"menu_order":0,"comment_status":"closed","ping_status":"closed","template":"","meta":{"jetpack_post_was_ever_published":false,"footnotes":""},"jetpack_shortlink":"https:\/\/wp.me\/P8dGOP-o","jetpack-related-posts":[{"id":2158,"url":"https:\/\/keine-osttangente.de\/?page_id=2158","url_meta":{"origin":24,"position":0},"title":"Der Verein","author":"Wolfhard von Thienen","date":"19. April 2021","format":false,"excerpt":"Das Aktionsb\u00fcndnis keine Osttangente ist organisatorisch an den Verein AKO-Alternative Konzepte f\u00fcr Mobilit\u00e4t e.V. angegliedert. Informationen zum Verein finden Sie hier","rel":"","context":"\u00c4hnlicher Beitrag","block_context":{"text":"\u00c4hnlicher Beitrag","link":""},"img":{"alt_text":"","src":"","width":0,"height":0},"classes":[]},{"id":394,"url":"https:\/\/keine-osttangente.de\/?page_id=394","url_meta":{"origin":24,"position":1},"title":"Wer wir sind","author":"Admin","date":"13. Juni 2015","format":false,"excerpt":"Wir sind ein Aktionsb\u00fcndnis gegen die geplante Osttangente zwischen der B17 s\u00fcdlich von K\u00f6nigsbrunn und der A8 bei Friedberg. Das Aktionsb\u00fcndnis ist ein Projekt des Vereins \"AKO-Alternative Konzepte f\u00fcr Mobilit\u00e4t e.V.\" und wird von diesem koordiniert. Wir wollen keine 4-spurige, autobahn\u00e4hnliche Bundesstrasse durch sensible und wichtige Naturschutz-, Wasserschutz- und Naherholungsgebiete.\u2026","rel":"","context":"\u00c4hnlicher Beitrag","block_context":{"text":"\u00c4hnlicher Beitrag","link":""},"img":{"alt_text":"","src":"","width":0,"height":0},"classes":[]},{"id":386,"url":"https:\/\/keine-osttangente.de\/?page_id=386","url_meta":{"origin":24,"position":2},"title":"Spende","author":"Admin","date":"13. Juni 2015","format":false,"excerpt":"Auch wir kommen nicht ohne Geld aus. Plakate, Flyer, eine Webseite sind nicht umsonst zu haben. Wenn Sie unsere Sache f\u00fcr richtig halten, unterst\u00fctzen Sie uns doch bitte mit einer Spende. Kontoinhaber: AKO-Alternative Konzepte f\u00fcr Mobilit\u00e4t e.V. IBAN: DE70 7205 0000 0251 5089 66 Bank: Stadtsparkasse Augsburg Sie k\u00f6nnen Ihre\u2026","rel":"","context":"Mit 2 Kommentaren","block_context":{"text":"Mit 2 Kommentaren","link":"https:\/\/keine-osttangente.de\/?page_id=386#comments"},"img":{"alt_text":"","src":"","width":0,"height":0},"classes":[]},{"id":1574,"url":"https:\/\/keine-osttangente.de\/?page_id=1574","url_meta":{"origin":24,"position":3},"title":"Datenschutzerkl\u00e4rung","author":"Admin","date":"16. Mai 2018","format":false,"excerpt":"Diese Erkl\u00e4rung gilt f\u00fcr den Verein AKO-Alternative Konzepte f\u00fcr Mobilit\u00e4t e.V. sowie f\u00fcr das Aktionsb\u00fcndnis keine Osttangente. Der Schutz Ihrer pers\u00f6nlichen Daten ist uns ein besonderes Anliegen. Wir verarbeiten Ihre Daten daher ausschlie\u00dflich auf Grundlage der gesetzlichen Bestimmungen (EU-Datenschutzgrundverordnung (DSGVO), Telemediengesetz). In diesen Datenschutzinformationen informieren wir Sie \u00fcber die wichtigsten\u2026","rel":"","context":"\u00c4hnlicher Beitrag","block_context":{"text":"\u00c4hnlicher Beitrag","link":""},"img":{"alt_text":"","src":"","width":0,"height":0},"classes":[]},{"id":1583,"url":"https:\/\/keine-osttangente.de\/?page_id=1583","url_meta":{"origin":24,"position":4},"title":"Newsletter","author":"Admin","date":"16. Mai 2018","format":false,"excerpt":"Hier k\u00f6nnen Sie sich in unseren Newsletter-Verteiler aufnehmen lassen. Wir senden Ihnen dann Einladungen und Informationen zu unseren Themen zu. \u00a0Hierf\u00fcr ben\u00f6tigen wir Ihre E-Mail-Adresse und Ihre Erkl\u00e4rung, dass Sie mit dem Bezug des Newsletters einverstanden sind. Schicken\u00a0 Sie uns bitte eine E-Mail\u00a0 mit dem Betreff 'Newsletter abonnieren' an die\u2026","rel":"","context":"\u00c4hnlicher Beitrag","block_context":{"text":"\u00c4hnlicher Beitrag","link":""},"img":{"alt_text":"","src":"","width":0,"height":0},"classes":[]},{"id":1406,"url":"https:\/\/keine-osttangente.de\/?page_id=1406","url_meta":{"origin":24,"position":5},"title":"Der Verein","author":"Admin","date":"4. November 2018","format":false,"excerpt":"Wir haben den Verein \"AKO \u2013 Alternative Konzepte f\u00fcr Mobilit\u00e4t\" gegr\u00fcndet, der sich allgemein f\u00fcr alternative Verkehrskonzepte und mehr B\u00fcrgerbeteiligung einsetzt. Das wichtigste Projekt dieses Vereins ist zur Zeit die Verhinderung der Osttangente. Hierzu brauchen wir Ihre Unterst\u00fctzung. Werden Sie daher Mitglied im neu gegr\u00fcndeten Verein. Hier k\u00f6nnen Sie das\u00a0\u2026","rel":"","context":"\u00c4hnlicher Beitrag","block_context":{"text":"\u00c4hnlicher Beitrag","link":""},"img":{"alt_text":"","src":"","width":0,"height":0},"classes":[]}],"jetpack_likes_enabled":true,"jetpack_sharing_enabled":true,"_links":{"self":[{"href":"https:\/\/keine-osttangente.de\/index.php?rest_route=\/wp\/v2\/pages\/24"}],"collection":[{"href":"https:\/\/keine-osttangente.de\/index.php?rest_route=\/wp\/v2\/pages"}],"about":[{"href":"https:\/\/keine-osttangente.de\/index.php?rest_route=\/wp\/v2\/types\/page"}],"author":[{"embeddable":true,"href":"https:\/\/keine-osttangente.de\/index.php?rest_route=\/wp\/v2\/users\/1"}],"replies":[{"embeddable":true,"href":"https:\/\/keine-osttangente.de\/index.php?rest_route=%2Fwp%2Fv2%2Fcomments&post=24"}],"version-history":[{"count":13,"href":"https:\/\/keine-osttangente.de\/index.php?rest_route=\/wp\/v2\/pages\/24\/revisions"}],"predecessor-version":[{"id":2302,"href":"https:\/\/keine-osttangente.de\/index.php?rest_route=\/wp\/v2\/pages\/24\/revisions\/2302"}],"wp:attachment":[{"href":"https:\/\/keine-osttangente.de\/index.php?rest_route=%2Fwp%2Fv2%2Fmedia&parent=24"}],"curies":[{"name":"wp","href":"https:\/\/api.w.org\/{rel}","templated":true}]}}