{"id":2158,"date":"2021-04-19T08:07:38","date_gmt":"2021-04-19T08:07:38","guid":{"rendered":"http:\/\/keine-osttangente.de\/?page_id=2158"},"modified":"2021-04-19T08:10:30","modified_gmt":"2021-04-19T08:10:30","slug":"der-verein-ako-alternative-konzepte-fuer-mobilitaet-e-v","status":"publish","type":"page","link":"https:\/\/keine-osttangente.de\/?page_id=2158","title":{"rendered":"Der Verein"},"content":{"rendered":"<p>Das Aktionsb\u00fcndnis keine Osttangente ist organisatorisch an den Verein <a href=\"https:\/\/ako-mobilitaet.de\/\">AKO-Alternative Konzepte f\u00fcr Mobilit\u00e4t e.V.<\/a> angegliedert.<\/p>\n<p>Informationen zum Verein finden Sie <a href=\"https:\/\/ako-mobilitaet.de\/\">hier <\/a><\/p>\n","protected":false},"excerpt":{"rendered":"<p>Das Aktionsb\u00fcndnis keine Osttangente ist organisatorisch an den Verein AKO-Alternative Konzepte f\u00fcr Mobilit\u00e4t e.V. angegliedert. Informationen zum Verein finden Sie hier<\/p>\n","protected":false},"author":3,"featured_media":0,"parent":0,"menu_order":0,"comment_status":"closed","ping_status":"closed","template":"","meta":{"jetpack_post_was_ever_published":false,"footnotes":""},"jetpack_shortlink":"https:\/\/wp.me\/P8dGOP-yO","jetpack-related-posts":[{"id":1406,"url":"https:\/\/keine-osttangente.de\/?page_id=1406","url_meta":{"origin":2158,"position":0},"title":"Der Verein","author":"Admin","date":"4. November 2018","format":false,"excerpt":"Wir haben den Verein \"AKO \u2013 Alternative Konzepte f\u00fcr Mobilit\u00e4t\" gegr\u00fcndet, der sich allgemein f\u00fcr alternative Verkehrskonzepte und mehr B\u00fcrgerbeteiligung einsetzt. Das wichtigste Projekt dieses Vereins ist zur Zeit die Verhinderung der Osttangente. Hierzu brauchen wir Ihre Unterst\u00fctzung. Werden Sie daher Mitglied im neu gegr\u00fcndeten Verein. Hier k\u00f6nnen Sie das\u00a0\u2026","rel":"","context":"\u00c4hnlicher Beitrag","block_context":{"text":"\u00c4hnlicher Beitrag","link":""},"img":{"alt_text":"","src":"","width":0,"height":0},"classes":[]},{"id":1402,"url":"https:\/\/keine-osttangente.de\/?page_id=1402","url_meta":{"origin":2158,"position":1},"title":"Die Alternativen","author":"Admin","date":"4. November 2018","format":false,"excerpt":"Problematische L\u00f6sungen lassen sich am besten durch gut durchdachte und \u00fcberlegene Alternativen verhindern. Der Verein entwickelt alternative Mobilit\u00e4tskonzepte, die den Bau neuer Stra\u00dfen \u00fcberfl\u00fcssig machen.","rel":"","context":"\u00c4hnlicher Beitrag","block_context":{"text":"\u00c4hnlicher Beitrag","link":""},"img":{"alt_text":"","src":"https:\/\/i0.wp.com\/keine-osttangente.de\/wp-content\/uploads\/2018\/11\/doors-1690423_672.jpg?fit=672%2C372&ssl=1&resize=350%2C200","width":350,"height":200,"srcset":"https:\/\/i0.wp.com\/keine-osttangente.de\/wp-content\/uploads\/2018\/11\/doors-1690423_672.jpg?fit=672%2C372&ssl=1&resize=350%2C200 1x, https:\/\/i0.wp.com\/keine-osttangente.de\/wp-content\/uploads\/2018\/11\/doors-1690423_672.jpg?fit=672%2C372&ssl=1&resize=525%2C300 1.5x"},"classes":[]},{"id":221,"url":"https:\/\/keine-osttangente.de\/?page_id=221","url_meta":{"origin":2158,"position":2},"title":"Mitmachen","author":"Admin","date":"22. Mai 2015","format":false,"excerpt":"Die Osttangente Augsburg k\u00f6nnen wir nur verhindern, wenn m\u00f6glichst viele Menschen sich zum Thema informieren, dagegen unterschreiben oder sich aktiv in der Aktionsgemeinschaft engagieren. Informieren Sie sich bei uns auf unseren Webseiten Unterschreiben Sie gegen die Osttangente Sprechen Sie Politiker aller Parteien an und teilen Sie ihre Meinung mit Abonnieren\u2026","rel":"","context":"\u00c4hnlicher Beitrag","block_context":{"text":"\u00c4hnlicher Beitrag","link":""},"img":{"alt_text":"","src":"","width":0,"height":0},"classes":[]},{"id":389,"url":"https:\/\/keine-osttangente.de\/?page_id=389","url_meta":{"origin":2158,"position":3},"title":"M\u00f6glichkeiten &#8230;","author":"Admin","date":"13. Juni 2015","format":false,"excerpt":"Die Osttangente Augsburg k\u00f6nnen wir nur verhindern, wenn m\u00f6glichst viele Menschen sich zum Thema informieren, dagegen unterschreiben oder sich aktiv in der Aktionsgemeinschaft engagieren. Informieren Sie sich bei uns auf unseren Webseiten Besuchen Sie unsere Veranstaltungen Sprechen Sie Politiker aller Parteien an und teilen Sie ihre Meinung mit Abonnieren Sie\u2026","rel":"","context":"Mit 1 Kommentar","block_context":{"text":"Mit 1 Kommentar","link":"https:\/\/keine-osttangente.de\/?page_id=389#comments"},"img":{"alt_text":"","src":"","width":0,"height":0},"classes":[]},{"id":24,"url":"https:\/\/keine-osttangente.de\/?page_id=24","url_meta":{"origin":2158,"position":4},"title":"Impressum","author":"Admin","date":"20. Mai 2015","format":false,"excerpt":"Diese Web-Auftritt und Blog ist von dem Verein AKO-Alternative Konzepte f\u00fcr Mobilit\u00e4t e.V. eingerichtet. Inhaltlich Verantwortlicher nach Paragraph 5 TMG: AKO-Alternative Konzepte f\u00fcr Mobilit\u00e4t e.V. Vorstand Wolfhard von Thienen Sachseng\u00e4sschen 3 86415 Mering Tel. 08233-31286 E-Mail Datenschutzerkl\u00e4rung Wir wissen, dass Sie dem Thema Datenschutz gro\u00dfe Bedeutung beimessen. Deshalb ist uns\u2026","rel":"","context":"\u00c4hnlicher Beitrag","block_context":{"text":"\u00c4hnlicher Beitrag","link":""},"img":{"alt_text":"","src":"","width":0,"height":0},"classes":[]},{"id":1583,"url":"https:\/\/keine-osttangente.de\/?page_id=1583","url_meta":{"origin":2158,"position":5},"title":"Newsletter","author":"Admin","date":"16. Mai 2018","format":false,"excerpt":"Hier k\u00f6nnen Sie sich in unseren Newsletter-Verteiler aufnehmen lassen. Wir senden Ihnen dann Einladungen und Informationen zu unseren Themen zu. \u00a0Hierf\u00fcr ben\u00f6tigen wir Ihre E-Mail-Adresse und Ihre Erkl\u00e4rung, dass Sie mit dem Bezug des Newsletters einverstanden sind. Schicken\u00a0 Sie uns bitte eine E-Mail\u00a0 mit dem Betreff 'Newsletter abonnieren' an die\u2026","rel":"","context":"\u00c4hnlicher Beitrag","block_context":{"text":"\u00c4hnlicher Beitrag","link":""},"img":{"alt_text":"","src":"","width":0,"height":0},"classes":[]}],"jetpack_likes_enabled":true,"jetpack_sharing_enabled":true,"_links":{"self":[{"href":"https:\/\/keine-osttangente.de\/index.php?rest_route=\/wp\/v2\/pages\/2158"}],"collection":[{"href":"https:\/\/keine-osttangente.de\/index.php?rest_route=\/wp\/v2\/pages"}],"about":[{"href":"https:\/\/keine-osttangente.de\/index.php?rest_route=\/wp\/v2\/types\/page"}],"author":[{"embeddable":true,"href":"https:\/\/keine-osttangente.de\/index.php?rest_route=\/wp\/v2\/users\/3"}],"replies":[{"embeddable":true,"href":"https:\/\/keine-osttangente.de\/index.php?rest_route=%2Fwp%2Fv2%2Fcomments&post=2158"}],"version-history":[{"count":2,"href":"https:\/\/keine-osttangente.de\/index.php?rest_route=\/wp\/v2\/pages\/2158\/revisions"}],"predecessor-version":[{"id":2162,"href":"https:\/\/keine-osttangente.de\/index.php?rest_route=\/wp\/v2\/pages\/2158\/revisions\/2162"}],"wp:attachment":[{"href":"https:\/\/keine-osttangente.de\/index.php?rest_route=%2Fwp%2Fv2%2Fmedia&parent=2158"}],"curies":[{"name":"wp","href":"https:\/\/api.w.org\/{rel}","templated":true}]}}