{"id":2,"date":"2015-04-28T04:26:46","date_gmt":"2015-04-28T04:26:46","guid":{"rendered":"http:\/\/localhost\/wordpress\/?page_id=2"},"modified":"2018-09-24T19:02:26","modified_gmt":"2018-09-24T19:02:26","slug":"information","status":"publish","type":"page","link":"https:\/\/keine-osttangente.de\/?page_id=2","title":{"rendered":"Information"},"content":{"rendered":"<p>Wir sind ein Aktionsb\u00fcndnis gegen die geplante Osttangente zwischen der B17 s\u00fcdlich von K\u00f6nigsbrunn und der A8 bei Friedberg.<\/p>\n<p>Wir wollen keine 4-spurige, autobahn\u00e4hnliche Bundesstrasse durch sensible und wichtige Naturschutz-, Wasserschutz- und Naherholungsgebiete. Wir wollen unsere Natur und Heimat erhalten, f\u00fcr unsere Kinder und zuk\u00fcnftige Generationen.<\/p>\n<p>Bitte unterst\u00fctzen Sie uns dabei und beteiligen Sie sich bei unseren Aktionen.<\/p>\n<p>In diesem Bereich sammeln wir Informationen zum Thema:<\/p>\n<ul>\n<li><a href=\"https:\/\/keine-osttangente.de\/?page_id=394\"><strong>Wer wir sind<\/strong><\/a> &#8211; das Aktionsb\u00fcndnis in aller K\u00fcrze<\/li>\n<li><a href=\"https:\/\/keine-osttangente.de\/?page_id=122\"><strong>Wof\u00fcr wir stehen<\/strong><\/a> &#8211; warum wir uns engagieren<\/li>\n<li><a href=\"https:\/\/keine-osttangente.de\/?page_id=10\"><strong>Was ist die Osttangente Augsburg?<\/strong><\/a> &#8211; ausf\u00fchrliche Erl\u00e4uterungen zum Thema<\/li>\n<li><strong><a href=\"https:\/\/keine-osttangente.de\/?page_id=36\">Warum wir keine Osttangente brauchen<\/a> &#8211;<\/strong> Argumente, Argumente, Argumente &#8230;<\/li>\n<li><a href=\"https:\/\/keine-osttangente.de\/?p=637\"><strong>Alternativen zur Osttangente<\/strong><\/a> &#8211; unsere Ideen zu einer zukunftsf\u00e4higen Mobilit\u00e4t in unserer Region<\/li>\n<li><a href=\"https:\/\/keine-osttangente.de\/?page_id=1635\"><strong>Links<\/strong><\/a> &#8211; Hinweise auf interessante Informationen zum Thema<\/li>\n<li><strong><a href=\"https:\/\/keine-osttangente.de\/?page_id=740\">Informationen f\u00fcr Mitglieder<\/a><\/strong> &#8211; passwort-gesch\u00fctzter Bereich f\u00fcr Mitglieder<\/li>\n<\/ul>\n<p>Weitere Information bekommen Sie auch \u00fcber unsere <a href=\"https:\/\/www.facebook.com\/groups\/759655640822415\/\" target=\"_blank\" rel=\"noopener\">Facebook-Gruppe<\/a>.<\/p>\n","protected":false},"excerpt":{"rendered":"<p>Wir sind ein Aktionsb\u00fcndnis gegen die geplante Osttangente zwischen der B17 s\u00fcdlich von K\u00f6nigsbrunn und der A8 bei Friedberg. Wir wollen keine 4-spurige, autobahn\u00e4hnliche Bundesstrasse durch sensible und wichtige Naturschutz-, Wasserschutz- und Naherholungsgebiete. Wir wollen unsere Natur und Heimat erhalten, f\u00fcr unsere Kinder und zuk\u00fcnftige Generationen. Bitte unterst\u00fctzen Sie uns dabei und beteiligen Sie sich &hellip; <a href=\"https:\/\/keine-osttangente.de\/?page_id=2\" class=\"more-link\"><span class=\"screen-reader-text\">Information<\/span> weiterlesen <span class=\"meta-nav\">&rarr;<\/span><\/a><\/p>\n","protected":false},"author":1,"featured_media":0,"parent":0,"menu_order":0,"comment_status":"closed","ping_status":"closed","template":"","meta":{"jetpack_post_was_ever_published":false,"footnotes":""},"jetpack_shortlink":"https:\/\/wp.me\/P8dGOP-2","jetpack-related-posts":[{"id":394,"url":"https:\/\/keine-osttangente.de\/?page_id=394","url_meta":{"origin":2,"position":0},"title":"Wer wir sind","author":"Admin","date":"13. Juni 2015","format":false,"excerpt":"Wir sind ein Aktionsb\u00fcndnis gegen die geplante Osttangente zwischen der B17 s\u00fcdlich von K\u00f6nigsbrunn und der A8 bei Friedberg. Das Aktionsb\u00fcndnis ist ein Projekt des Vereins \"AKO-Alternative Konzepte f\u00fcr Mobilit\u00e4t e.V.\" und wird von diesem koordiniert. Wir wollen keine 4-spurige, autobahn\u00e4hnliche Bundesstrasse durch sensible und wichtige Naturschutz-, Wasserschutz- und Naherholungsgebiete.\u2026","rel":"","context":"\u00c4hnlicher Beitrag","block_context":{"text":"\u00c4hnlicher Beitrag","link":""},"img":{"alt_text":"","src":"","width":0,"height":0},"classes":[]},{"id":122,"url":"https:\/\/keine-osttangente.de\/?page_id=122","url_meta":{"origin":2,"position":1},"title":"Wof\u00fcr wir stehen","author":"Admin","date":"22. Mai 2015","format":false,"excerpt":"Wir sind ein unabh\u00e4ngiges Aktionsb\u00fcndnis gegen die geplante Osttangente zwischen der A8 bei Derching und der B17 bei Oberottmarshausen . Wir wollen keine 4-spurige, autobahn\u00e4hnliche Bundesstrasse durch sensible und wichtige Naturschutz-, Wasserschutz- und Naherholungsgebiete. Wir wollen unsere Natur und Heimat erhalten, f\u00fcr unsere Kinder und zuk\u00fcnftige Generationen. Bitte unterst\u00fctzen Sie\u2026","rel":"","context":"Mit 28 Kommentaren","block_context":{"text":"Mit 28 Kommentaren","link":"https:\/\/keine-osttangente.de\/?page_id=122#comments"},"img":{"alt_text":"IMAG0478_klein","src":"https:\/\/i0.wp.com\/keine-osttangente.de\/wp-content\/uploads\/2015\/05\/IMAG0478_klein.jpg?resize=350%2C200","width":350,"height":200,"srcset":"https:\/\/i0.wp.com\/keine-osttangente.de\/wp-content\/uploads\/2015\/05\/IMAG0478_klein.jpg?resize=350%2C200 1x, https:\/\/i0.wp.com\/keine-osttangente.de\/wp-content\/uploads\/2015\/05\/IMAG0478_klein.jpg?resize=525%2C300 1.5x, https:\/\/i0.wp.com\/keine-osttangente.de\/wp-content\/uploads\/2015\/05\/IMAG0478_klein.jpg?resize=700%2C400 2x"},"classes":[]},{"id":746,"url":"https:\/\/keine-osttangente.de\/?page_id=746","url_meta":{"origin":2,"position":2},"title":"\u00d6ffentlichkeitsbeteiligung","author":"Admin","date":"14. M\u00e4rz 2016","format":false,"excerpt":"Vom 21.3.2016 bis 2.5.2016 l\u00e4uft die \u00d6ffentlichkeitsbeteiligung zum Bundesverkehrswegeplan 2030. F\u00fcr uns ist nur das Projekt B002-G080-BY\u00a0 \"Osttangente Augsburg\" relevant. Wie k\u00f6nnen Sie sich beteiligen? Wichtig ist, dass Sie sich beteiligen und auch Freunde und Bekannte auf die Thematik hinweisen. Nur wenn wir auch hier unsere Bedenken und Einw\u00e4nde formulieren\u2026","rel":"","context":"\u00c4hnlicher Beitrag","block_context":{"text":"\u00c4hnlicher Beitrag","link":""},"img":{"alt_text":"","src":"","width":0,"height":0},"classes":[]},{"id":389,"url":"https:\/\/keine-osttangente.de\/?page_id=389","url_meta":{"origin":2,"position":3},"title":"M\u00f6glichkeiten &#8230;","author":"Admin","date":"13. Juni 2015","format":false,"excerpt":"Die Osttangente Augsburg k\u00f6nnen wir nur verhindern, wenn m\u00f6glichst viele Menschen sich zum Thema informieren, dagegen unterschreiben oder sich aktiv in der Aktionsgemeinschaft engagieren. Informieren Sie sich bei uns auf unseren Webseiten Besuchen Sie unsere Veranstaltungen Sprechen Sie Politiker aller Parteien an und teilen Sie ihre Meinung mit Abonnieren Sie\u2026","rel":"","context":"Mit 1 Kommentar","block_context":{"text":"Mit 1 Kommentar","link":"https:\/\/keine-osttangente.de\/?page_id=389#comments"},"img":{"alt_text":"","src":"","width":0,"height":0},"classes":[]},{"id":36,"url":"https:\/\/keine-osttangente.de\/?page_id=36","url_meta":{"origin":2,"position":4},"title":"Warum wir keine Osttangente brauchen","author":"Admin","date":"20. Mai 2015","format":false,"excerpt":"\"Natur und Menschen sind das kastbarste Gut, das wir Menschen haben. Wir d\u00fcrfen und k\u00f6nnen sie nicht opfern, f\u00fcr Macht und sonstige Interessen. Wir haben eine Verpflichtung f\u00fcr k\u00fcnftige Generationen, deren Lebensgrundlagen wir, die heutige Generation, nicht zerst\u00f6ren d\u00fcrfen. Dies ist eine Verpflichtung f\u00fcr uns alle.\" Hans Schuierer, ehemaliger Landrat\u2026","rel":"","context":"\u00c4hnlicher Beitrag","block_context":{"text":"\u00c4hnlicher Beitrag","link":""},"img":{"alt_text":"","src":"","width":0,"height":0},"classes":[]},{"id":221,"url":"https:\/\/keine-osttangente.de\/?page_id=221","url_meta":{"origin":2,"position":5},"title":"Mitmachen","author":"Admin","date":"22. Mai 2015","format":false,"excerpt":"Die Osttangente Augsburg k\u00f6nnen wir nur verhindern, wenn m\u00f6glichst viele Menschen sich zum Thema informieren, dagegen unterschreiben oder sich aktiv in der Aktionsgemeinschaft engagieren. Informieren Sie sich bei uns auf unseren Webseiten Unterschreiben Sie gegen die Osttangente Sprechen Sie Politiker aller Parteien an und teilen Sie ihre Meinung mit Abonnieren\u2026","rel":"","context":"\u00c4hnlicher Beitrag","block_context":{"text":"\u00c4hnlicher Beitrag","link":""},"img":{"alt_text":"","src":"","width":0,"height":0},"classes":[]}],"jetpack_likes_enabled":true,"jetpack_sharing_enabled":true,"_links":{"self":[{"href":"https:\/\/keine-osttangente.de\/index.php?rest_route=\/wp\/v2\/pages\/2"}],"collection":[{"href":"https:\/\/keine-osttangente.de\/index.php?rest_route=\/wp\/v2\/pages"}],"about":[{"href":"https:\/\/keine-osttangente.de\/index.php?rest_route=\/wp\/v2\/types\/page"}],"author":[{"embeddable":true,"href":"https:\/\/keine-osttangente.de\/index.php?rest_route=\/wp\/v2\/users\/1"}],"replies":[{"embeddable":true,"href":"https:\/\/keine-osttangente.de\/index.php?rest_route=%2Fwp%2Fv2%2Fcomments&post=2"}],"version-history":[{"count":10,"href":"https:\/\/keine-osttangente.de\/index.php?rest_route=\/wp\/v2\/pages\/2\/revisions"}],"predecessor-version":[{"id":1637,"href":"https:\/\/keine-osttangente.de\/index.php?rest_route=\/wp\/v2\/pages\/2\/revisions\/1637"}],"wp:attachment":[{"href":"https:\/\/keine-osttangente.de\/index.php?rest_route=%2Fwp%2Fv2%2Fmedia&parent=2"}],"curies":[{"name":"wp","href":"https:\/\/api.w.org\/{rel}","templated":true}]}}