{"id":1590,"date":"2018-05-16T15:12:40","date_gmt":"2018-05-16T15:12:40","guid":{"rendered":"http:\/\/keine-osttangente.de\/?page_id=1590"},"modified":"2018-05-16T15:12:40","modified_gmt":"2018-05-16T15:12:40","slug":"wichtiges","status":"publish","type":"page","link":"https:\/\/keine-osttangente.de\/?page_id=1590","title":{"rendered":"Wichtiges"},"content":{"rendered":"<p>An dieser Stelle haben wir wichtige Informationen zusammengefa\u00dft:<\/p>\n<ul>\n<li>Unser <a href=\"https:\/\/keine-osttangente.de\/?page_id=24\">Impressum<\/a><\/li>\n<li>Unsere <a href=\"https:\/\/keine-osttangente.de\/?page_id=1574\">Datenschutzerkl\u00e4rung<\/a><\/li>\n<li>Allgemeine <a href=\"https:\/\/keine-osttangente.de\/?page_id=1576\">Hilfe<\/a> zur Bedienung<\/li>\n<li>Die M\u00f6glichkeit mit uns <a href=\"https:\/\/keine-osttangente.de\/?page_id=13\">Kontakt<\/a> aufzunehmen<\/li>\n<\/ul>\n<p><span style=\"color: #ff0000;\">Alle diese Punkte sind (wie zumindest f\u00fcr das Impressum und die Datenschutzerkl\u00e4rung gesetzlich gefordert) auch am Ende unseres Webangebots mit einem direkten Klick von jeder Seite des Webangebotes erreichbar.<\/span><\/p>\n","protected":false},"excerpt":{"rendered":"<p>An dieser Stelle haben wir wichtige Informationen zusammengefa\u00dft: Unser Impressum Unsere Datenschutzerkl\u00e4rung Allgemeine Hilfe zur Bedienung Die M\u00f6glichkeit mit uns Kontakt aufzunehmen Alle diese Punkte sind (wie zumindest f\u00fcr das Impressum und die Datenschutzerkl\u00e4rung gesetzlich gefordert) auch am Ende unseres Webangebots mit einem direkten Klick von jeder Seite des Webangebotes erreichbar.<\/p>\n","protected":false},"author":1,"featured_media":0,"parent":0,"menu_order":0,"comment_status":"closed","ping_status":"closed","template":"","meta":{"jetpack_post_was_ever_published":false,"footnotes":""},"jetpack_shortlink":"https:\/\/wp.me\/P8dGOP-pE","jetpack-related-posts":[{"id":24,"url":"https:\/\/keine-osttangente.de\/?page_id=24","url_meta":{"origin":1590,"position":0},"title":"Impressum","author":"Admin","date":"20. Mai 2015","format":false,"excerpt":"Diese Web-Auftritt und Blog ist von dem Verein AKO-Alternative Konzepte f\u00fcr Mobilit\u00e4t e.V. eingerichtet. Inhaltlich Verantwortlicher nach Paragraph 5 TMG: AKO-Alternative Konzepte f\u00fcr Mobilit\u00e4t e.V. Vorstand Wolfhard von Thienen Sachseng\u00e4sschen 3 86415 Mering Tel. 08233-31286 E-Mail Datenschutzerkl\u00e4rung Wir wissen, dass Sie dem Thema Datenschutz gro\u00dfe Bedeutung beimessen. Deshalb ist uns\u2026","rel":"","context":"\u00c4hnlicher Beitrag","block_context":{"text":"\u00c4hnlicher Beitrag","link":""},"img":{"alt_text":"","src":"","width":0,"height":0},"classes":[]},{"id":1576,"url":"https:\/\/keine-osttangente.de\/?page_id=1576","url_meta":{"origin":1590,"position":1},"title":"Hilfe","author":"Admin","date":"16. Mai 2018","format":false,"excerpt":"Wir bieten auf diesen Seiten umfangreiche Informationen zum Thema Mobilitaet an. Hier ein \u00dcberblick \u00fcber die Funktionen: \u00a0 Header - dient zur Information Men\u00fcleiste - enth\u00e4lt statische Informationen (siehe unten) Linke Seitenleiste - zus\u00e4tzliche Funktionen Rechte Seitenleiste - zus\u00e4tzliche Funktionen Inhaltsbereich - die eigentlichen \/ dynamischen Informationen. Hier k\u00f6nnen Sie\u2026","rel":"","context":"\u00c4hnlicher Beitrag","block_context":{"text":"\u00c4hnlicher Beitrag","link":""},"img":{"alt_text":"","src":"https:\/\/i0.wp.com\/keine-osttangente.de\/wp-content\/uploads\/2018\/05\/Hilfe.jpg?resize=350%2C200","width":350,"height":200,"srcset":"https:\/\/i0.wp.com\/keine-osttangente.de\/wp-content\/uploads\/2018\/05\/Hilfe.jpg?resize=350%2C200 1x, https:\/\/i0.wp.com\/keine-osttangente.de\/wp-content\/uploads\/2018\/05\/Hilfe.jpg?resize=525%2C300 1.5x, https:\/\/i0.wp.com\/keine-osttangente.de\/wp-content\/uploads\/2018\/05\/Hilfe.jpg?resize=700%2C400 2x, https:\/\/i0.wp.com\/keine-osttangente.de\/wp-content\/uploads\/2018\/05\/Hilfe.jpg?resize=1050%2C600 3x"},"classes":[]},{"id":1574,"url":"https:\/\/keine-osttangente.de\/?page_id=1574","url_meta":{"origin":1590,"position":2},"title":"Datenschutzerkl\u00e4rung","author":"Admin","date":"16. Mai 2018","format":false,"excerpt":"Diese Erkl\u00e4rung gilt f\u00fcr den Verein AKO-Alternative Konzepte f\u00fcr Mobilit\u00e4t e.V. sowie f\u00fcr das Aktionsb\u00fcndnis keine Osttangente. Der Schutz Ihrer pers\u00f6nlichen Daten ist uns ein besonderes Anliegen. Wir verarbeiten Ihre Daten daher ausschlie\u00dflich auf Grundlage der gesetzlichen Bestimmungen (EU-Datenschutzgrundverordnung (DSGVO), Telemediengesetz). In diesen Datenschutzinformationen informieren wir Sie \u00fcber die wichtigsten\u2026","rel":"","context":"\u00c4hnlicher Beitrag","block_context":{"text":"\u00c4hnlicher Beitrag","link":""},"img":{"alt_text":"","src":"","width":0,"height":0},"classes":[]},{"id":13,"url":"https:\/\/keine-osttangente.de\/?page_id=13","url_meta":{"origin":1590,"position":3},"title":"Kontakt","author":"Admin","date":"20. Mai 2015","format":false,"excerpt":"Sie\u00a0 k\u00f6nnen mit uns Kontakt aufnehmen, indem Sie uns anrufen (Informationen dazu finden Sie in unserem Impressum. Weiter k\u00f6nnen Sie uns per E-Mail erreichen: info@ako-mobilitaet.de Wenn Sie per E-Mail Kontakt mit uns aufnehmen, werden Ihre angegebenen Daten zwecks Bearbeitung der Anfrage und f\u00fcr den Fall von Anschlussfragen sechs Monate bei\u2026","rel":"","context":"\u00c4hnlicher Beitrag","block_context":{"text":"\u00c4hnlicher Beitrag","link":""},"img":{"alt_text":"","src":"","width":0,"height":0},"classes":[]},{"id":1583,"url":"https:\/\/keine-osttangente.de\/?page_id=1583","url_meta":{"origin":1590,"position":4},"title":"Newsletter","author":"Admin","date":"16. Mai 2018","format":false,"excerpt":"Hier k\u00f6nnen Sie sich in unseren Newsletter-Verteiler aufnehmen lassen. Wir senden Ihnen dann Einladungen und Informationen zu unseren Themen zu. \u00a0Hierf\u00fcr ben\u00f6tigen wir Ihre E-Mail-Adresse und Ihre Erkl\u00e4rung, dass Sie mit dem Bezug des Newsletters einverstanden sind. Schicken\u00a0 Sie uns bitte eine E-Mail\u00a0 mit dem Betreff 'Newsletter abonnieren' an die\u2026","rel":"","context":"\u00c4hnlicher Beitrag","block_context":{"text":"\u00c4hnlicher Beitrag","link":""},"img":{"alt_text":"","src":"","width":0,"height":0},"classes":[]},{"id":221,"url":"https:\/\/keine-osttangente.de\/?page_id=221","url_meta":{"origin":1590,"position":5},"title":"Mitmachen","author":"Admin","date":"22. Mai 2015","format":false,"excerpt":"Die Osttangente Augsburg k\u00f6nnen wir nur verhindern, wenn m\u00f6glichst viele Menschen sich zum Thema informieren, dagegen unterschreiben oder sich aktiv in der Aktionsgemeinschaft engagieren. Informieren Sie sich bei uns auf unseren Webseiten Unterschreiben Sie gegen die Osttangente Sprechen Sie Politiker aller Parteien an und teilen Sie ihre Meinung mit Abonnieren\u2026","rel":"","context":"\u00c4hnlicher Beitrag","block_context":{"text":"\u00c4hnlicher Beitrag","link":""},"img":{"alt_text":"","src":"","width":0,"height":0},"classes":[]}],"jetpack_likes_enabled":true,"jetpack_sharing_enabled":true,"_links":{"self":[{"href":"https:\/\/keine-osttangente.de\/index.php?rest_route=\/wp\/v2\/pages\/1590"}],"collection":[{"href":"https:\/\/keine-osttangente.de\/index.php?rest_route=\/wp\/v2\/pages"}],"about":[{"href":"https:\/\/keine-osttangente.de\/index.php?rest_route=\/wp\/v2\/types\/page"}],"author":[{"embeddable":true,"href":"https:\/\/keine-osttangente.de\/index.php?rest_route=\/wp\/v2\/users\/1"}],"replies":[{"embeddable":true,"href":"https:\/\/keine-osttangente.de\/index.php?rest_route=%2Fwp%2Fv2%2Fcomments&post=1590"}],"version-history":[{"count":1,"href":"https:\/\/keine-osttangente.de\/index.php?rest_route=\/wp\/v2\/pages\/1590\/revisions"}],"predecessor-version":[{"id":1591,"href":"https:\/\/keine-osttangente.de\/index.php?rest_route=\/wp\/v2\/pages\/1590\/revisions\/1591"}],"wp:attachment":[{"href":"https:\/\/keine-osttangente.de\/index.php?rest_route=%2Fwp%2Fv2%2Fmedia&parent=1590"}],"curies":[{"name":"wp","href":"https:\/\/api.w.org\/{rel}","templated":true}]}}