{"id":1301,"date":"2017-06-27T15:52:56","date_gmt":"2017-06-27T15:52:56","guid":{"rendered":"http:\/\/keine-osttangente.de\/?page_id=1301"},"modified":"2017-06-27T15:57:17","modified_gmt":"2017-06-27T15:57:17","slug":"wer-hat-uns-die-suppe-eingebrockt","status":"publish","type":"page","link":"https:\/\/keine-osttangente.de\/?page_id=1301","title":{"rendered":"Wer hat uns die Suppe eingebrockt?"},"content":{"rendered":"<p><a href=\"https:\/\/i0.wp.com\/keine-osttangente.de\/wp-content\/uploads\/2017\/06\/Suppe1.jpg?ssl=1\"><img loading=\"lazy\" decoding=\"async\" data-attachment-id=\"1303\" data-permalink=\"https:\/\/keine-osttangente.de\/?attachment_id=1303\" data-orig-file=\"https:\/\/i0.wp.com\/keine-osttangente.de\/wp-content\/uploads\/2017\/06\/Suppe1.jpg?fit=619%2C877&amp;ssl=1\" data-orig-size=\"619,877\" data-comments-opened=\"1\" data-image-meta=\"{&quot;aperture&quot;:&quot;0&quot;,&quot;credit&quot;:&quot;&quot;,&quot;camera&quot;:&quot;&quot;,&quot;caption&quot;:&quot;&quot;,&quot;created_timestamp&quot;:&quot;0&quot;,&quot;copyright&quot;:&quot;&quot;,&quot;focal_length&quot;:&quot;0&quot;,&quot;iso&quot;:&quot;0&quot;,&quot;shutter_speed&quot;:&quot;0&quot;,&quot;title&quot;:&quot;&quot;,&quot;orientation&quot;:&quot;0&quot;}\" data-image-title=\"Suppe1\" data-image-description=\"\" data-image-caption=\"\" data-medium-file=\"https:\/\/i0.wp.com\/keine-osttangente.de\/wp-content\/uploads\/2017\/06\/Suppe1.jpg?fit=212%2C300&amp;ssl=1\" data-large-file=\"https:\/\/i0.wp.com\/keine-osttangente.de\/wp-content\/uploads\/2017\/06\/Suppe1.jpg?fit=474%2C672&amp;ssl=1\" class=\"alignnone  wp-image-1303\" src=\"https:\/\/i0.wp.com\/keine-osttangente.de\/wp-content\/uploads\/2017\/06\/Suppe1.jpg?resize=473%2C669&#038;ssl=1\" alt=\"\" width=\"473\" height=\"669\" srcset=\"https:\/\/i0.wp.com\/keine-osttangente.de\/wp-content\/uploads\/2017\/06\/Suppe1.jpg?resize=212%2C300&amp;ssl=1 212w, https:\/\/i0.wp.com\/keine-osttangente.de\/wp-content\/uploads\/2017\/06\/Suppe1.jpg?w=619&amp;ssl=1 619w\" sizes=\"(max-width: 473px) 100vw, 473px\" data-recalc-dims=\"1\" \/><\/a><a href=\"https:\/\/i0.wp.com\/keine-osttangente.de\/wp-content\/uploads\/2017\/06\/Suppe2.jpg?ssl=1\"><img loading=\"lazy\" decoding=\"async\" data-attachment-id=\"1305\" data-permalink=\"https:\/\/keine-osttangente.de\/?attachment_id=1305\" data-orig-file=\"https:\/\/i0.wp.com\/keine-osttangente.de\/wp-content\/uploads\/2017\/06\/Suppe2.jpg?fit=617%2C849&amp;ssl=1\" data-orig-size=\"617,849\" data-comments-opened=\"1\" data-image-meta=\"{&quot;aperture&quot;:&quot;0&quot;,&quot;credit&quot;:&quot;&quot;,&quot;camera&quot;:&quot;&quot;,&quot;caption&quot;:&quot;&quot;,&quot;created_timestamp&quot;:&quot;0&quot;,&quot;copyright&quot;:&quot;&quot;,&quot;focal_length&quot;:&quot;0&quot;,&quot;iso&quot;:&quot;0&quot;,&quot;shutter_speed&quot;:&quot;0&quot;,&quot;title&quot;:&quot;&quot;,&quot;orientation&quot;:&quot;1&quot;}\" data-image-title=\"Suppe2\" data-image-description=\"\" data-image-caption=\"\" data-medium-file=\"https:\/\/i0.wp.com\/keine-osttangente.de\/wp-content\/uploads\/2017\/06\/Suppe2.jpg?fit=218%2C300&amp;ssl=1\" data-large-file=\"https:\/\/i0.wp.com\/keine-osttangente.de\/wp-content\/uploads\/2017\/06\/Suppe2.jpg?fit=474%2C652&amp;ssl=1\" class=\"alignnone  wp-image-1305\" src=\"https:\/\/i0.wp.com\/keine-osttangente.de\/wp-content\/uploads\/2017\/06\/Suppe2.jpg?resize=471%2C648&#038;ssl=1\" alt=\"\" width=\"471\" height=\"648\" srcset=\"https:\/\/i0.wp.com\/keine-osttangente.de\/wp-content\/uploads\/2017\/06\/Suppe2.jpg?resize=218%2C300&amp;ssl=1 218w, https:\/\/i0.wp.com\/keine-osttangente.de\/wp-content\/uploads\/2017\/06\/Suppe2.jpg?w=617&amp;ssl=1 617w\" sizes=\"(max-width: 471px) 100vw, 471px\" data-recalc-dims=\"1\" \/><\/a><\/p>\n","protected":false},"excerpt":{"rendered":"","protected":false},"author":3,"featured_media":0,"parent":0,"menu_order":0,"comment_status":"closed","ping_status":"closed","template":"","meta":{"jetpack_post_was_ever_published":false,"footnotes":""},"jetpack_shortlink":"https:\/\/wp.me\/P8dGOP-kZ","jetpack-related-posts":[{"id":394,"url":"https:\/\/keine-osttangente.de\/?page_id=394","url_meta":{"origin":1301,"position":0},"title":"Wer wir sind","author":"Admin","date":"13. Juni 2015","format":false,"excerpt":"Wir sind ein Aktionsb\u00fcndnis gegen die geplante Osttangente zwischen der B17 s\u00fcdlich von K\u00f6nigsbrunn und der A8 bei Friedberg. Das Aktionsb\u00fcndnis ist ein Projekt des Vereins \"AKO-Alternative Konzepte f\u00fcr Mobilit\u00e4t e.V.\" und wird von diesem koordiniert. Wir wollen keine 4-spurige, autobahn\u00e4hnliche Bundesstrasse durch sensible und wichtige Naturschutz-, Wasserschutz- und Naherholungsgebiete.\u2026","rel":"","context":"\u00c4hnlicher Beitrag","block_context":{"text":"\u00c4hnlicher Beitrag","link":""},"img":{"alt_text":"","src":"","width":0,"height":0},"classes":[]},{"id":1576,"url":"https:\/\/keine-osttangente.de\/?page_id=1576","url_meta":{"origin":1301,"position":1},"title":"Hilfe","author":"Admin","date":"16. Mai 2018","format":false,"excerpt":"Wir bieten auf diesen Seiten umfangreiche Informationen zum Thema Mobilitaet an. Hier ein \u00dcberblick \u00fcber die Funktionen: \u00a0 Header - dient zur Information Men\u00fcleiste - enth\u00e4lt statische Informationen (siehe unten) Linke Seitenleiste - zus\u00e4tzliche Funktionen Rechte Seitenleiste - zus\u00e4tzliche Funktionen Inhaltsbereich - die eigentlichen \/ dynamischen Informationen. Hier k\u00f6nnen Sie\u2026","rel":"","context":"\u00c4hnlicher Beitrag","block_context":{"text":"\u00c4hnlicher Beitrag","link":""},"img":{"alt_text":"","src":"https:\/\/i0.wp.com\/keine-osttangente.de\/wp-content\/uploads\/2018\/05\/Hilfe.jpg?resize=350%2C200","width":350,"height":200,"srcset":"https:\/\/i0.wp.com\/keine-osttangente.de\/wp-content\/uploads\/2018\/05\/Hilfe.jpg?resize=350%2C200 1x, https:\/\/i0.wp.com\/keine-osttangente.de\/wp-content\/uploads\/2018\/05\/Hilfe.jpg?resize=525%2C300 1.5x, https:\/\/i0.wp.com\/keine-osttangente.de\/wp-content\/uploads\/2018\/05\/Hilfe.jpg?resize=700%2C400 2x, https:\/\/i0.wp.com\/keine-osttangente.de\/wp-content\/uploads\/2018\/05\/Hilfe.jpg?resize=1050%2C600 3x"},"classes":[]},{"id":2,"url":"https:\/\/keine-osttangente.de\/?page_id=2","url_meta":{"origin":1301,"position":2},"title":"Information","author":"Admin","date":"28. April 2015","format":false,"excerpt":"Wir sind ein Aktionsb\u00fcndnis gegen die geplante Osttangente zwischen der B17 s\u00fcdlich von K\u00f6nigsbrunn und der A8 bei Friedberg. Wir wollen keine 4-spurige, autobahn\u00e4hnliche Bundesstrasse durch sensible und wichtige Naturschutz-, Wasserschutz- und Naherholungsgebiete. Wir wollen unsere Natur und Heimat erhalten, f\u00fcr unsere Kinder und zuk\u00fcnftige Generationen. Bitte unterst\u00fctzen Sie uns\u2026","rel":"","context":"\u00c4hnlicher Beitrag","block_context":{"text":"\u00c4hnlicher Beitrag","link":""},"img":{"alt_text":"","src":"","width":0,"height":0},"classes":[]},{"id":738,"url":"https:\/\/keine-osttangente.de\/?page_id=738","url_meta":{"origin":1301,"position":3},"title":"Keine Osttangente","author":"Admin","date":"14. M\u00e4rz 2016","format":false,"excerpt":"NEUES Die Firma Honold hat auf eine weitere Bewerbung um Mering verzichtet.\u00a0 Der B\u00fcrgermeister h\u00e4lt nach wie vor daran fest, einen Gro\u00dfinvestor zu suchen und der Bebauungsplan Nr. 67 bleibt weiter aktiv. Die \u00dcbergabe der Petition findet daher trotz des R\u00fcckziehers von Honold \u00f6ffentlich am Dienstag, den 24.4.2018 um 17\u2026","rel":"","context":"Mit 35 Kommentaren","block_context":{"text":"Mit 35 Kommentaren","link":"https:\/\/keine-osttangente.de\/?page_id=738#comments"},"img":{"alt_text":"","src":"https:\/\/i0.wp.com\/keine-osttangente.de\/wp-content\/uploads\/2017\/11\/dobrindt-300x233.jpg?resize=350%2C200","width":350,"height":200},"classes":[]},{"id":1574,"url":"https:\/\/keine-osttangente.de\/?page_id=1574","url_meta":{"origin":1301,"position":4},"title":"Datenschutzerkl\u00e4rung","author":"Admin","date":"16. Mai 2018","format":false,"excerpt":"Diese Erkl\u00e4rung gilt f\u00fcr den Verein AKO-Alternative Konzepte f\u00fcr Mobilit\u00e4t e.V. sowie f\u00fcr das Aktionsb\u00fcndnis keine Osttangente. Der Schutz Ihrer pers\u00f6nlichen Daten ist uns ein besonderes Anliegen. Wir verarbeiten Ihre Daten daher ausschlie\u00dflich auf Grundlage der gesetzlichen Bestimmungen (EU-Datenschutzgrundverordnung (DSGVO), Telemediengesetz). In diesen Datenschutzinformationen informieren wir Sie \u00fcber die wichtigsten\u2026","rel":"","context":"\u00c4hnlicher Beitrag","block_context":{"text":"\u00c4hnlicher Beitrag","link":""},"img":{"alt_text":"","src":"","width":0,"height":0},"classes":[]},{"id":36,"url":"https:\/\/keine-osttangente.de\/?page_id=36","url_meta":{"origin":1301,"position":5},"title":"Warum wir keine Osttangente brauchen","author":"Admin","date":"20. Mai 2015","format":false,"excerpt":"\"Natur und Menschen sind das kastbarste Gut, das wir Menschen haben. Wir d\u00fcrfen und k\u00f6nnen sie nicht opfern, f\u00fcr Macht und sonstige Interessen. Wir haben eine Verpflichtung f\u00fcr k\u00fcnftige Generationen, deren Lebensgrundlagen wir, die heutige Generation, nicht zerst\u00f6ren d\u00fcrfen. Dies ist eine Verpflichtung f\u00fcr uns alle.\" Hans Schuierer, ehemaliger Landrat\u2026","rel":"","context":"\u00c4hnlicher Beitrag","block_context":{"text":"\u00c4hnlicher Beitrag","link":""},"img":{"alt_text":"","src":"","width":0,"height":0},"classes":[]}],"jetpack_likes_enabled":true,"jetpack_sharing_enabled":true,"_links":{"self":[{"href":"https:\/\/keine-osttangente.de\/index.php?rest_route=\/wp\/v2\/pages\/1301"}],"collection":[{"href":"https:\/\/keine-osttangente.de\/index.php?rest_route=\/wp\/v2\/pages"}],"about":[{"href":"https:\/\/keine-osttangente.de\/index.php?rest_route=\/wp\/v2\/types\/page"}],"author":[{"embeddable":true,"href":"https:\/\/keine-osttangente.de\/index.php?rest_route=\/wp\/v2\/users\/3"}],"replies":[{"embeddable":true,"href":"https:\/\/keine-osttangente.de\/index.php?rest_route=%2Fwp%2Fv2%2Fcomments&post=1301"}],"version-history":[{"count":4,"href":"https:\/\/keine-osttangente.de\/index.php?rest_route=\/wp\/v2\/pages\/1301\/revisions"}],"predecessor-version":[{"id":1308,"href":"https:\/\/keine-osttangente.de\/index.php?rest_route=\/wp\/v2\/pages\/1301\/revisions\/1308"}],"wp:attachment":[{"href":"https:\/\/keine-osttangente.de\/index.php?rest_route=%2Fwp%2Fv2%2Fmedia&parent=1301"}],"curies":[{"name":"wp","href":"https:\/\/api.w.org\/{rel}","templated":true}]}}