{"id":13,"date":"2015-05-20T14:02:37","date_gmt":"2015-05-20T14:02:37","guid":{"rendered":"http:\/\/keine-osttangente.de\/?page_id=13"},"modified":"2021-04-03T11:14:28","modified_gmt":"2021-04-03T11:14:28","slug":"kontakt","status":"publish","type":"page","link":"https:\/\/keine-osttangente.de\/?page_id=13","title":{"rendered":"Kontakt"},"content":{"rendered":"<p>Sie\u00a0 k\u00f6nnen mit uns Kontakt aufnehmen, indem Sie uns anrufen (Informationen dazu finden Sie in unserem <a href=\"https:\/\/keine-osttangente.de\/?page_id=24\">Impressum<\/a>.<\/p>\n<p>Weiter k\u00f6nnen Sie uns per E-Mail erreichen:<\/p>\n<ul>\n<li><a href=\"mailto:info@keine-osttangente.de\">info@ako-mobilitaet.de<\/a><\/li>\n<\/ul>\n<p>Wenn Sie per E-Mail Kontakt mit uns aufnehmen, werden Ihre angegebenen Daten zwecks Bearbeitung der Anfrage und f\u00fcr den Fall von Anschlussfragen sechs Monate bei uns gespeichert.<\/p>\n","protected":false},"excerpt":{"rendered":"<p>Sie\u00a0 k\u00f6nnen mit uns Kontakt aufnehmen, indem Sie uns anrufen (Informationen dazu finden Sie in unserem Impressum. Weiter k\u00f6nnen Sie uns per E-Mail erreichen: info@ako-mobilitaet.de Wenn Sie per E-Mail Kontakt mit uns aufnehmen, werden Ihre angegebenen Daten zwecks Bearbeitung der Anfrage und f\u00fcr den Fall von Anschlussfragen sechs Monate bei uns gespeichert.<\/p>\n","protected":false},"author":1,"featured_media":0,"parent":0,"menu_order":0,"comment_status":"closed","ping_status":"closed","template":"","meta":{"jetpack_post_was_ever_published":false,"footnotes":""},"jetpack_shortlink":"https:\/\/wp.me\/P8dGOP-d","jetpack-related-posts":[{"id":1583,"url":"https:\/\/keine-osttangente.de\/?page_id=1583","url_meta":{"origin":13,"position":0},"title":"Newsletter","author":"Admin","date":"16. Mai 2018","format":false,"excerpt":"Hier k\u00f6nnen Sie sich in unseren Newsletter-Verteiler aufnehmen lassen. Wir senden Ihnen dann Einladungen und Informationen zu unseren Themen zu. \u00a0Hierf\u00fcr ben\u00f6tigen wir Ihre E-Mail-Adresse und Ihre Erkl\u00e4rung, dass Sie mit dem Bezug des Newsletters einverstanden sind. Schicken\u00a0 Sie uns bitte eine E-Mail\u00a0 mit dem Betreff 'Newsletter abonnieren' an die\u2026","rel":"","context":"\u00c4hnlicher Beitrag","block_context":{"text":"\u00c4hnlicher Beitrag","link":""},"img":{"alt_text":"","src":"","width":0,"height":0},"classes":[]},{"id":1576,"url":"https:\/\/keine-osttangente.de\/?page_id=1576","url_meta":{"origin":13,"position":1},"title":"Hilfe","author":"Admin","date":"16. Mai 2018","format":false,"excerpt":"Wir bieten auf diesen Seiten umfangreiche Informationen zum Thema Mobilitaet an. Hier ein \u00dcberblick \u00fcber die Funktionen: \u00a0 Header - dient zur Information Men\u00fcleiste - enth\u00e4lt statische Informationen (siehe unten) Linke Seitenleiste - zus\u00e4tzliche Funktionen Rechte Seitenleiste - zus\u00e4tzliche Funktionen Inhaltsbereich - die eigentlichen \/ dynamischen Informationen. Hier k\u00f6nnen Sie\u2026","rel":"","context":"\u00c4hnlicher Beitrag","block_context":{"text":"\u00c4hnlicher Beitrag","link":""},"img":{"alt_text":"","src":"https:\/\/i0.wp.com\/keine-osttangente.de\/wp-content\/uploads\/2018\/05\/Hilfe.jpg?resize=350%2C200","width":350,"height":200,"srcset":"https:\/\/i0.wp.com\/keine-osttangente.de\/wp-content\/uploads\/2018\/05\/Hilfe.jpg?resize=350%2C200 1x, https:\/\/i0.wp.com\/keine-osttangente.de\/wp-content\/uploads\/2018\/05\/Hilfe.jpg?resize=525%2C300 1.5x, https:\/\/i0.wp.com\/keine-osttangente.de\/wp-content\/uploads\/2018\/05\/Hilfe.jpg?resize=700%2C400 2x, https:\/\/i0.wp.com\/keine-osttangente.de\/wp-content\/uploads\/2018\/05\/Hilfe.jpg?resize=1050%2C600 3x"},"classes":[]},{"id":1574,"url":"https:\/\/keine-osttangente.de\/?page_id=1574","url_meta":{"origin":13,"position":2},"title":"Datenschutzerkl\u00e4rung","author":"Admin","date":"16. Mai 2018","format":false,"excerpt":"Diese Erkl\u00e4rung gilt f\u00fcr den Verein AKO-Alternative Konzepte f\u00fcr Mobilit\u00e4t e.V. sowie f\u00fcr das Aktionsb\u00fcndnis keine Osttangente. Der Schutz Ihrer pers\u00f6nlichen Daten ist uns ein besonderes Anliegen. Wir verarbeiten Ihre Daten daher ausschlie\u00dflich auf Grundlage der gesetzlichen Bestimmungen (EU-Datenschutzgrundverordnung (DSGVO), Telemediengesetz). In diesen Datenschutzinformationen informieren wir Sie \u00fcber die wichtigsten\u2026","rel":"","context":"\u00c4hnlicher Beitrag","block_context":{"text":"\u00c4hnlicher Beitrag","link":""},"img":{"alt_text":"","src":"","width":0,"height":0},"classes":[]},{"id":221,"url":"https:\/\/keine-osttangente.de\/?page_id=221","url_meta":{"origin":13,"position":3},"title":"Mitmachen","author":"Admin","date":"22. Mai 2015","format":false,"excerpt":"Die Osttangente Augsburg k\u00f6nnen wir nur verhindern, wenn m\u00f6glichst viele Menschen sich zum Thema informieren, dagegen unterschreiben oder sich aktiv in der Aktionsgemeinschaft engagieren. Informieren Sie sich bei uns auf unseren Webseiten Unterschreiben Sie gegen die Osttangente Sprechen Sie Politiker aller Parteien an und teilen Sie ihre Meinung mit Abonnieren\u2026","rel":"","context":"\u00c4hnlicher Beitrag","block_context":{"text":"\u00c4hnlicher Beitrag","link":""},"img":{"alt_text":"","src":"","width":0,"height":0},"classes":[]},{"id":389,"url":"https:\/\/keine-osttangente.de\/?page_id=389","url_meta":{"origin":13,"position":4},"title":"M\u00f6glichkeiten &#8230;","author":"Admin","date":"13. Juni 2015","format":false,"excerpt":"Die Osttangente Augsburg k\u00f6nnen wir nur verhindern, wenn m\u00f6glichst viele Menschen sich zum Thema informieren, dagegen unterschreiben oder sich aktiv in der Aktionsgemeinschaft engagieren. Informieren Sie sich bei uns auf unseren Webseiten Besuchen Sie unsere Veranstaltungen Sprechen Sie Politiker aller Parteien an und teilen Sie ihre Meinung mit Abonnieren Sie\u2026","rel":"","context":"Mit 1 Kommentar","block_context":{"text":"Mit 1 Kommentar","link":"https:\/\/keine-osttangente.de\/?page_id=389#comments"},"img":{"alt_text":"","src":"","width":0,"height":0},"classes":[]},{"id":386,"url":"https:\/\/keine-osttangente.de\/?page_id=386","url_meta":{"origin":13,"position":5},"title":"Spende","author":"Admin","date":"13. Juni 2015","format":false,"excerpt":"Auch wir kommen nicht ohne Geld aus. Plakate, Flyer, eine Webseite sind nicht umsonst zu haben. Wenn Sie unsere Sache f\u00fcr richtig halten, unterst\u00fctzen Sie uns doch bitte mit einer Spende. Kontoinhaber: AKO-Alternative Konzepte f\u00fcr Mobilit\u00e4t e.V. IBAN: DE70 7205 0000 0251 5089 66 Bank: Stadtsparkasse Augsburg Sie k\u00f6nnen Ihre\u2026","rel":"","context":"Mit 2 Kommentaren","block_context":{"text":"Mit 2 Kommentaren","link":"https:\/\/keine-osttangente.de\/?page_id=386#comments"},"img":{"alt_text":"","src":"","width":0,"height":0},"classes":[]}],"jetpack_likes_enabled":true,"jetpack_sharing_enabled":true,"_links":{"self":[{"href":"https:\/\/keine-osttangente.de\/index.php?rest_route=\/wp\/v2\/pages\/13"}],"collection":[{"href":"https:\/\/keine-osttangente.de\/index.php?rest_route=\/wp\/v2\/pages"}],"about":[{"href":"https:\/\/keine-osttangente.de\/index.php?rest_route=\/wp\/v2\/types\/page"}],"author":[{"embeddable":true,"href":"https:\/\/keine-osttangente.de\/index.php?rest_route=\/wp\/v2\/users\/1"}],"replies":[{"embeddable":true,"href":"https:\/\/keine-osttangente.de\/index.php?rest_route=%2Fwp%2Fv2%2Fcomments&post=13"}],"version-history":[{"count":8,"href":"https:\/\/keine-osttangente.de\/index.php?rest_route=\/wp\/v2\/pages\/13\/revisions"}],"predecessor-version":[{"id":2140,"href":"https:\/\/keine-osttangente.de\/index.php?rest_route=\/wp\/v2\/pages\/13\/revisions\/2140"}],"wp:attachment":[{"href":"https:\/\/keine-osttangente.de\/index.php?rest_route=%2Fwp%2Fv2%2Fmedia&parent=13"}],"curies":[{"name":"wp","href":"https:\/\/api.w.org\/{rel}","templated":true}]}}