{"id":122,"date":"2015-05-22T10:51:02","date_gmt":"2015-05-22T10:51:02","guid":{"rendered":"http:\/\/keine-osttangente.de\/?page_id=122"},"modified":"2018-09-24T19:08:47","modified_gmt":"2018-09-24T19:08:47","slug":"wofuer-wir-stehen","status":"publish","type":"page","link":"https:\/\/keine-osttangente.de\/?page_id=122","title":{"rendered":"Wof\u00fcr wir stehen"},"content":{"rendered":"<p>Wir sind ein unabh\u00e4ngiges Aktionsb\u00fcndnis gegen die geplante Osttangente zwischen der A8 bei Derching und der B17 bei Oberottmarshausen .<\/p>\n<p><a href=\"https:\/\/i0.wp.com\/keine-osttangente.de\/wp-content\/uploads\/2015\/05\/IMAG0478_klein.jpg?ssl=1\"><img loading=\"lazy\" decoding=\"async\" data-attachment-id=\"678\" data-permalink=\"https:\/\/keine-osttangente.de\/?attachment_id=678\" data-orig-file=\"https:\/\/i0.wp.com\/keine-osttangente.de\/wp-content\/uploads\/2015\/05\/IMAG0478_klein.jpg?fit=700%2C378&amp;ssl=1\" data-orig-size=\"700,378\" data-comments-opened=\"1\" data-image-meta=\"{&quot;aperture&quot;:&quot;2&quot;,&quot;credit&quot;:&quot;&quot;,&quot;camera&quot;:&quot;HTC One_M8&quot;,&quot;caption&quot;:&quot;&quot;,&quot;created_timestamp&quot;:&quot;1447243437&quot;,&quot;copyright&quot;:&quot;&quot;,&quot;focal_length&quot;:&quot;3.82&quot;,&quot;iso&quot;:&quot;125&quot;,&quot;shutter_speed&quot;:&quot;0.00041322314049587&quot;,&quot;title&quot;:&quot;&quot;,&quot;orientation&quot;:&quot;1&quot;}\" data-image-title=\"IMAG0478_klein\" data-image-description=\"\" data-image-caption=\"\" data-medium-file=\"https:\/\/i0.wp.com\/keine-osttangente.de\/wp-content\/uploads\/2015\/05\/IMAG0478_klein.jpg?fit=300%2C162&amp;ssl=1\" data-large-file=\"https:\/\/i0.wp.com\/keine-osttangente.de\/wp-content\/uploads\/2015\/05\/IMAG0478_klein.jpg?fit=474%2C256&amp;ssl=1\" class=\"alignright size-full wp-image-678\" src=\"https:\/\/i0.wp.com\/keine-osttangente.de\/wp-content\/uploads\/2015\/05\/IMAG0478_klein.jpg?resize=474%2C256&#038;ssl=1\" alt=\"IMAG0478_klein\" width=\"474\" height=\"256\" srcset=\"https:\/\/i0.wp.com\/keine-osttangente.de\/wp-content\/uploads\/2015\/05\/IMAG0478_klein.jpg?w=700&amp;ssl=1 700w, https:\/\/i0.wp.com\/keine-osttangente.de\/wp-content\/uploads\/2015\/05\/IMAG0478_klein.jpg?resize=300%2C162&amp;ssl=1 300w\" sizes=\"(max-width: 474px) 100vw, 474px\" data-recalc-dims=\"1\" \/><\/a><\/p>\n<p>Wir wollen keine 4-spurige, autobahn\u00e4hnliche Bundesstrasse durch sensible und wichtige Naturschutz-, Wasserschutz- und Naherholungsgebiete.<\/p>\n<p>Wir wollen unsere Natur und Heimat erhalten, f\u00fcr unsere Kinder und zuk\u00fcnftige Generationen.<\/p>\n<p>Bitte unterst\u00fctzen Sie uns dabei und beteiligen Sie sich bei unseren Aktionen.<\/p>\n<p>Klicken Sie auf &#8222;Start&#8220; im Men\u00fc um immer aktuell informiert zu sein.<\/p>\n<p>Weitere Information bekommen Sie auch \u00fcber unsere <a href=\"https:\/\/www.facebook.com\/groups\/759655640822415\/\" target=\"_blank\" rel=\"noopener\">Facebook-Gruppe<\/a>.<\/p>\n","protected":false},"excerpt":{"rendered":"<p>Wir sind ein unabh\u00e4ngiges Aktionsb\u00fcndnis gegen die geplante Osttangente zwischen der A8 bei Derching und der B17 bei Oberottmarshausen . Wir wollen keine 4-spurige, autobahn\u00e4hnliche Bundesstrasse durch sensible und wichtige Naturschutz-, Wasserschutz- und Naherholungsgebiete. Wir wollen unsere Natur und Heimat erhalten, f\u00fcr unsere Kinder und zuk\u00fcnftige Generationen. Bitte unterst\u00fctzen Sie uns dabei und beteiligen Sie &hellip; <a href=\"https:\/\/keine-osttangente.de\/?page_id=122\" class=\"more-link\"><span class=\"screen-reader-text\">Wof\u00fcr wir stehen<\/span> weiterlesen <span class=\"meta-nav\">&rarr;<\/span><\/a><\/p>\n","protected":false},"author":1,"featured_media":0,"parent":0,"menu_order":0,"comment_status":"open","ping_status":"open","template":"","meta":{"jetpack_post_was_ever_published":false,"footnotes":""},"jetpack_shortlink":"https:\/\/wp.me\/P8dGOP-1Y","jetpack-related-posts":[{"id":394,"url":"https:\/\/keine-osttangente.de\/?page_id=394","url_meta":{"origin":122,"position":0},"title":"Wer wir sind","author":"Admin","date":"13. Juni 2015","format":false,"excerpt":"Wir sind ein Aktionsb\u00fcndnis gegen die geplante Osttangente zwischen der B17 s\u00fcdlich von K\u00f6nigsbrunn und der A8 bei Friedberg. Das Aktionsb\u00fcndnis ist ein Projekt des Vereins \"AKO-Alternative Konzepte f\u00fcr Mobilit\u00e4t e.V.\" und wird von diesem koordiniert. Wir wollen keine 4-spurige, autobahn\u00e4hnliche Bundesstrasse durch sensible und wichtige Naturschutz-, Wasserschutz- und Naherholungsgebiete.\u2026","rel":"","context":"\u00c4hnlicher Beitrag","block_context":{"text":"\u00c4hnlicher Beitrag","link":""},"img":{"alt_text":"","src":"","width":0,"height":0},"classes":[]},{"id":2,"url":"https:\/\/keine-osttangente.de\/?page_id=2","url_meta":{"origin":122,"position":1},"title":"Information","author":"Admin","date":"28. April 2015","format":false,"excerpt":"Wir sind ein Aktionsb\u00fcndnis gegen die geplante Osttangente zwischen der B17 s\u00fcdlich von K\u00f6nigsbrunn und der A8 bei Friedberg. Wir wollen keine 4-spurige, autobahn\u00e4hnliche Bundesstrasse durch sensible und wichtige Naturschutz-, Wasserschutz- und Naherholungsgebiete. Wir wollen unsere Natur und Heimat erhalten, f\u00fcr unsere Kinder und zuk\u00fcnftige Generationen. Bitte unterst\u00fctzen Sie uns\u2026","rel":"","context":"\u00c4hnlicher Beitrag","block_context":{"text":"\u00c4hnlicher Beitrag","link":""},"img":{"alt_text":"","src":"","width":0,"height":0},"classes":[]},{"id":386,"url":"https:\/\/keine-osttangente.de\/?page_id=386","url_meta":{"origin":122,"position":2},"title":"Spende","author":"Admin","date":"13. Juni 2015","format":false,"excerpt":"Auch wir kommen nicht ohne Geld aus. Plakate, Flyer, eine Webseite sind nicht umsonst zu haben. Wenn Sie unsere Sache f\u00fcr richtig halten, unterst\u00fctzen Sie uns doch bitte mit einer Spende. Kontoinhaber: AKO-Alternative Konzepte f\u00fcr Mobilit\u00e4t e.V. IBAN: DE70 7205 0000 0251 5089 66 Bank: Stadtsparkasse Augsburg Sie k\u00f6nnen Ihre\u2026","rel":"","context":"Mit 2 Kommentaren","block_context":{"text":"Mit 2 Kommentaren","link":"https:\/\/keine-osttangente.de\/?page_id=386#comments"},"img":{"alt_text":"","src":"","width":0,"height":0},"classes":[]},{"id":1574,"url":"https:\/\/keine-osttangente.de\/?page_id=1574","url_meta":{"origin":122,"position":3},"title":"Datenschutzerkl\u00e4rung","author":"Admin","date":"16. Mai 2018","format":false,"excerpt":"Diese Erkl\u00e4rung gilt f\u00fcr den Verein AKO-Alternative Konzepte f\u00fcr Mobilit\u00e4t e.V. sowie f\u00fcr das Aktionsb\u00fcndnis keine Osttangente. Der Schutz Ihrer pers\u00f6nlichen Daten ist uns ein besonderes Anliegen. Wir verarbeiten Ihre Daten daher ausschlie\u00dflich auf Grundlage der gesetzlichen Bestimmungen (EU-Datenschutzgrundverordnung (DSGVO), Telemediengesetz). In diesen Datenschutzinformationen informieren wir Sie \u00fcber die wichtigsten\u2026","rel":"","context":"\u00c4hnlicher Beitrag","block_context":{"text":"\u00c4hnlicher Beitrag","link":""},"img":{"alt_text":"","src":"","width":0,"height":0},"classes":[]},{"id":746,"url":"https:\/\/keine-osttangente.de\/?page_id=746","url_meta":{"origin":122,"position":4},"title":"\u00d6ffentlichkeitsbeteiligung","author":"Admin","date":"14. M\u00e4rz 2016","format":false,"excerpt":"Vom 21.3.2016 bis 2.5.2016 l\u00e4uft die \u00d6ffentlichkeitsbeteiligung zum Bundesverkehrswegeplan 2030. F\u00fcr uns ist nur das Projekt B002-G080-BY\u00a0 \"Osttangente Augsburg\" relevant. Wie k\u00f6nnen Sie sich beteiligen? Wichtig ist, dass Sie sich beteiligen und auch Freunde und Bekannte auf die Thematik hinweisen. Nur wenn wir auch hier unsere Bedenken und Einw\u00e4nde formulieren\u2026","rel":"","context":"\u00c4hnlicher Beitrag","block_context":{"text":"\u00c4hnlicher Beitrag","link":""},"img":{"alt_text":"","src":"","width":0,"height":0},"classes":[]},{"id":389,"url":"https:\/\/keine-osttangente.de\/?page_id=389","url_meta":{"origin":122,"position":5},"title":"M\u00f6glichkeiten &#8230;","author":"Admin","date":"13. Juni 2015","format":false,"excerpt":"Die Osttangente Augsburg k\u00f6nnen wir nur verhindern, wenn m\u00f6glichst viele Menschen sich zum Thema informieren, dagegen unterschreiben oder sich aktiv in der Aktionsgemeinschaft engagieren. Informieren Sie sich bei uns auf unseren Webseiten Besuchen Sie unsere Veranstaltungen Sprechen Sie Politiker aller Parteien an und teilen Sie ihre Meinung mit Abonnieren Sie\u2026","rel":"","context":"Mit 1 Kommentar","block_context":{"text":"Mit 1 Kommentar","link":"https:\/\/keine-osttangente.de\/?page_id=389#comments"},"img":{"alt_text":"","src":"","width":0,"height":0},"classes":[]}],"jetpack_likes_enabled":true,"jetpack_sharing_enabled":true,"_links":{"self":[{"href":"https:\/\/keine-osttangente.de\/index.php?rest_route=\/wp\/v2\/pages\/122"}],"collection":[{"href":"https:\/\/keine-osttangente.de\/index.php?rest_route=\/wp\/v2\/pages"}],"about":[{"href":"https:\/\/keine-osttangente.de\/index.php?rest_route=\/wp\/v2\/types\/page"}],"author":[{"embeddable":true,"href":"https:\/\/keine-osttangente.de\/index.php?rest_route=\/wp\/v2\/users\/1"}],"replies":[{"embeddable":true,"href":"https:\/\/keine-osttangente.de\/index.php?rest_route=%2Fwp%2Fv2%2Fcomments&post=122"}],"version-history":[{"count":17,"href":"https:\/\/keine-osttangente.de\/index.php?rest_route=\/wp\/v2\/pages\/122\/revisions"}],"predecessor-version":[{"id":1642,"href":"https:\/\/keine-osttangente.de\/index.php?rest_route=\/wp\/v2\/pages\/122\/revisions\/1642"}],"wp:attachment":[{"href":"https:\/\/keine-osttangente.de\/index.php?rest_route=%2Fwp%2Fv2%2Fmedia&parent=122"}],"curies":[{"name":"wp","href":"https:\/\/api.w.org\/{rel}","templated":true}]}}