{"id":10,"date":"2015-05-20T14:00:25","date_gmt":"2015-05-20T14:00:25","guid":{"rendered":"http:\/\/keine-osttangente.de\/?page_id=10"},"modified":"2020-01-11T16:31:49","modified_gmt":"2020-01-11T16:31:49","slug":"was-ist-die-osttangente","status":"publish","type":"page","link":"https:\/\/keine-osttangente.de\/?page_id=10","title":{"rendered":"Was ist die Osttangente?"},"content":{"rendered":"<p>Die Osttangente ist eine im Fr\u00fchjahr 2015 in die Diskussion gebrachte neue, autobahn\u00e4hnliche, vierspurige Schnellstra\u00dfe \u00f6stlich von Augsburg.<\/p>\n<p><a href=\"https:\/\/i0.wp.com\/keine-osttangente.de\/wp-content\/uploads\/2015\/05\/karte.jpg?ssl=1\"><img loading=\"lazy\" decoding=\"async\" data-attachment-id=\"211\" data-permalink=\"https:\/\/keine-osttangente.de\/?attachment_id=211\" data-orig-file=\"https:\/\/i0.wp.com\/keine-osttangente.de\/wp-content\/uploads\/2015\/05\/karte.jpg?fit=342%2C521&amp;ssl=1\" data-orig-size=\"342,521\" data-comments-opened=\"1\" data-image-meta=\"{&quot;aperture&quot;:&quot;0&quot;,&quot;credit&quot;:&quot;&quot;,&quot;camera&quot;:&quot;&quot;,&quot;caption&quot;:&quot;&quot;,&quot;created_timestamp&quot;:&quot;0&quot;,&quot;copyright&quot;:&quot;&quot;,&quot;focal_length&quot;:&quot;0&quot;,&quot;iso&quot;:&quot;0&quot;,&quot;shutter_speed&quot;:&quot;0&quot;,&quot;title&quot;:&quot;&quot;,&quot;orientation&quot;:&quot;1&quot;}\" data-image-title=\"Osttangenten Planung \u00dcbersicht\" data-image-description=\"\" data-image-caption=\"\" data-medium-file=\"https:\/\/i0.wp.com\/keine-osttangente.de\/wp-content\/uploads\/2015\/05\/karte.jpg?fit=197%2C300&amp;ssl=1\" data-large-file=\"https:\/\/i0.wp.com\/keine-osttangente.de\/wp-content\/uploads\/2015\/05\/karte.jpg?fit=342%2C521&amp;ssl=1\" class=\"alignright wp-image-211\" src=\"https:\/\/i0.wp.com\/keine-osttangente.de\/wp-content\/uploads\/2015\/05\/karte.jpg?resize=274%2C417&#038;ssl=1\" alt=\"Osttangenten Planung \u00dcbersicht\" width=\"274\" height=\"417\" srcset=\"https:\/\/i0.wp.com\/keine-osttangente.de\/wp-content\/uploads\/2015\/05\/karte.jpg?w=342&amp;ssl=1 342w, https:\/\/i0.wp.com\/keine-osttangente.de\/wp-content\/uploads\/2015\/05\/karte.jpg?resize=197%2C300&amp;ssl=1 197w\" sizes=\"(max-width: 274px) 100vw, 274px\" data-recalc-dims=\"1\" \/><\/a><\/p>\n<p>&nbsp;<\/p>\n<p>&nbsp;<\/p>\n<p>&nbsp;<\/p>\n<p>&nbsp;<\/p>\n<p>&nbsp;<\/p>\n<p>&nbsp;<\/p>\n<p>&nbsp;<\/p>\n<p>&nbsp;<\/p>\n<p>&nbsp;<\/p>\n<p>Im Jahre 2019 wurden <a href=\"https:\/\/keine-osttangente.de\/wp-content\/uploads\/2020\/01\/TrassenvariantenFaunRaumplAnal2019.pdf\">vier Trassenvarianten<\/a>\u00a0vom staatlichen Bauamt\u00a0 untersucht. Im Fr\u00fchjahr 2020 soll eine Verkehrsanalyse sowie die abschlie\u00dfende Trassenvariante ver\u00f6ffentlicht werden.<\/p>\n<p>Die Osttangente wurde von einer Allianz aus dem staatlichen Bauamt Augsburg, den B\u00fcrgermeistern Kandler, Wolf und Eichmann, den Bundestagsabgeordneten Ulrich, Pronold und Durz, den Landtagsabgeordneten Thomaschko und Strohmayr und dem Landrat Metzger ins Spiel gebracht mit dem Ziel, sie im\u00a0 <a href=\"https:\/\/de.wikipedia.org\/wiki\/Bundesverkehrswegeplan_2030#Verf.C3.BCgbare_Finanzmittel\" target=\"_blank\" rel=\"noopener\">Bundesverkehrswegeplan 2030 <\/a>als vordringlich einzustufen. Dabei wurde betont, dass kleine, lokale L\u00f6sungen wie z.B. die Kissinger Ortsumfahrung keine Chancen nach den neuen Richtlinien des Bundesverkehrswegeplanes haben und man deshalb eine \u00fcberregionale Gro\u00dfl\u00f6sung brauche.<\/p>\n<p>Die Osttangente wurde als Projekt vom staatlichen Bauamt Augsburg (zust\u00e4ndig Hr. Grabsch und Hr. Fritsch) im Auftrag der Staatsregierung f\u00fcr den\u00a0<a href=\"https:\/\/de.wikipedia.org\/wiki\/Bundesverkehrswegeplan_2030#Verf.C3.BCgbare_Finanzmittel\" target=\"_blank\" rel=\"noopener\">Bundesverkehrswegeplan 2030<\/a> angemeldet. Der Bundesverkehrswegeplan wurde im November 2016 verabschiedet und der Bundestag hat entsprechende Ausbaugesetze beschlossen. Die Osttangente ist dort mit den Abschnitten 1 bis 3 in den vordringlichen Bedarf aufgenommen worden (von der A8 bis zur Einm\u00fcndung Staatsstra\u00dfe Mering-K\u00f6nigsbrunn). Diese Abschnitte sind vierspurig vorgesehen, der Abschnitt Mering Kissing kann aber ggf. auch dreispurig ausgelegt werden. Das staatliche Bauamt hat\u00a0 im Janua 2017 mit der Planung begonnen und wird voraussichtlich Ende 2018 ein Raumordnungsverfahren einleiten. Der vierte Abschnitt zwischen K\u00f6nigsbrunn und Mering ist im sogenannten &#8222;weiteren Bedarf mit Planungsrecht&#8220; enthalten. Das bedeutet, dass sofort mit der Planung begonnen werden darf.<\/p>\n<p>Die Zur\u00fcckstellung des vierten Abschnittes zwischen Mering und K\u00f6nigsbrunn erfolgte aus unserer Sicht aus taktischen Gr\u00fcnden, um den erheblichen Widerstand aus K\u00f6nigsbrunn zu schw\u00e4chen, denn am Ziel einer \u00fcberregionalen Schnellstra\u00dfe wurde festgehalten. Sobald die ersten drei Abschnitte zwischen A8 und Mering realisiert sind, wird der Verkehr so zugenommen haben, dass ein z\u00fcgiger Ausbau des vierten Abschnittes unverz\u00fcglich in Angriff genommen wird, insbesondere dieser ja bereits jetzt Planungsrecht hat.<\/p>\n<p>B\u00fcrger haben im Rahmen der \u00d6ffentlichkeit zahlreiche Einw\u00e4nde gegen das Projekt vorgebracht. Diese wurden allesamt nicht ber\u00fccksichtigt und noch nicht einmal kommentiert. Besonders gravierend ist, dass keine Alternativen gepr\u00fcft wurden.\u00a0 Das Aktionsb\u00fcndnis hat deshalb auch Beschwerde vor der EU-Kommission eingelegt, die nach langer Bearbeitungszeit abgewiesen wurde.<\/p>\n<p>Stand 2019 befindet sich das Staatliche Bauamt in der Phase Voruntersuchung. Dabei wird eine Verkehrsz\u00e4hlung und eine Trassenplanung durchgef\u00fchrt, die nach Angaben des Bauamtes im Fr\u00fchjahr ver\u00f6fentlicht werden sollen. Im Rahmen der Voruntersuchung werden auch Naturschutzbelange untersucht. An die Voruntersuchung schlie\u00dfen sich ein Raumordnungsverfahren und danach ein Planfeststellungsverfahren an.\u00a0 Erst wenn das Planfeststellungsverfahren\u00a0 rechtsg\u00fcltig abgeschlossen ist, kann mit dem Bau begonnen werden. Man geht davon aus, dass der gesamte Planungsprozess rund 10 Jahre dauert, also in ca. 8 Jahren oder im Jahr 2027 abgeschlossen sein wird. Hier bestehen aber noch erhebliche Unsicherheiten.<\/p>\n<p>Weitere Infos:<\/p>\n<p><a href=\"https:\/\/keine-osttangente.de\/wp-content\/uploads\/2015\/05\/Broschuere_Verkehrswegeplan_160123.pdf\">-&gt;BUND Gr\u00fcnbuch zum Bundeserkehrswegeplan<\/a><\/p>\n<p><a href=\"https:\/\/keine-osttangente.de\/wp-content\/uploads\/2015\/05\/Osttangente_Anfrage_Landtag.pdf\">-&gt;Anfrage Christl Kamm (Gr\u00fcne) zur Osttangente im Landtag<\/a><\/p>\n<p><a href=\"https:\/\/keine-osttangente.de\/?p=413\">-&gt; Anfrage ans Bundesverkehrsministerium zum Bundesverkehrswegeplan<\/a><\/p>\n<p><a href=\"http:\/\/www.bvwp-projekte.de\/\">-&gt; Projektinformationssystem<\/a><\/p>\n<p>Die dicke rote Linie ist der aktuell bekannte Vorschlag f\u00fcr die neue Osttangente, die nach Aussagen der Bef\u00fcrworter u.a. die B17 entlasten soll.<\/p>\n<p>Die Route beginnt an der A8 bei Derching (die heutige AIC 25) und f\u00fchrt dann zwischen Friedberg-West und Friedberg \u00fcber die B300 nach S\u00fcden, links an Kissing und Mering vorbei \u00fcber den Lech. Dort m\u00fcndet sie s\u00fcdlich von K\u00f6nigsbrunn in die B17 oberhalb von\u00a0 Oberottmarshausen.<\/p>\n<p>Die blauen Punkte in obiger Abbildung symbolisieren die\u00a0 geplanten Anschlu\u00dfstellen.<\/p>\n<p>Der Stadtrat von Friedberg sowie der Gemeinderat von Kissing haben sich f\u00fcr das Projekt ausgesprochen. In Mering, K\u00f6nigsbrunn, Oberottmarshausen und Schmiechen hat der jeweilige Rat gegen die Realisierung des Projekts gestimmt.<\/p>\n<p>Der Bundestatgsabgeordnete Ulrich hat auf Grund der Proteste in K\u00f6nigsbrunn eine Alternativroute weiter s\u00fcdlich vorgeschlagen, die bei Graben von der B17 nach Osten abzweigt und den Lech in H\u00f6he Prittriching quert und dann an Schmiechen, Unterbergen und Mering vorbei f\u00fchrt. Dieser Vorschlag f\u00fchrte zu heftigen, ablehnenden Reaktionen der betroffenen Gemeinden.<\/p>\n","protected":false},"excerpt":{"rendered":"<p>Die Osttangente ist eine im Fr\u00fchjahr 2015 in die Diskussion gebrachte neue, autobahn\u00e4hnliche, vierspurige Schnellstra\u00dfe \u00f6stlich von Augsburg. &nbsp; &nbsp; &nbsp; &nbsp; &nbsp; &nbsp; &nbsp; &nbsp; &nbsp; Im Jahre 2019 wurden vier Trassenvarianten\u00a0vom staatlichen Bauamt\u00a0 untersucht. Im Fr\u00fchjahr 2020 soll eine Verkehrsanalyse sowie die abschlie\u00dfende Trassenvariante ver\u00f6ffentlicht werden. Die Osttangente wurde von einer Allianz aus &hellip; <a href=\"https:\/\/keine-osttangente.de\/?page_id=10\" class=\"more-link\"><span class=\"screen-reader-text\">Was ist die Osttangente?<\/span> weiterlesen <span class=\"meta-nav\">&rarr;<\/span><\/a><\/p>\n","protected":false},"author":1,"featured_media":0,"parent":0,"menu_order":0,"comment_status":"closed","ping_status":"closed","template":"","meta":{"jetpack_post_was_ever_published":false,"footnotes":""},"jetpack_shortlink":"https:\/\/wp.me\/P8dGOP-a","jetpack-related-posts":[{"id":1404,"url":"https:\/\/keine-osttangente.de\/?page_id=1404","url_meta":{"origin":10,"position":0},"title":"Keine Osttangente","author":"Admin","date":"4. November 2018","format":false,"excerpt":"Die Osttangente soll als neue Schnellstra\u00dfe zwischen Oberottmarshausen (B17) bis Derching (A8) zur Entlastung der B17 und zur Lenkung \u00fcberregionaler Verkehrsstr\u00f6me zwischen Lindauer (A96) und Stuttgarter Autobahn (A8) gebaut werden. Die Ausbaugesetze f\u00fcr den Bundesverkehrswegeplan 2030 und damit die Osttangente Augsburg sind im Herbst 2016 mit der Mehrheit der CDU\/CSU\u2026","rel":"","context":"\u00c4hnlicher Beitrag","block_context":{"text":"\u00c4hnlicher Beitrag","link":""},"img":{"alt_text":"","src":"","width":0,"height":0},"classes":[]},{"id":738,"url":"https:\/\/keine-osttangente.de\/?page_id=738","url_meta":{"origin":10,"position":1},"title":"Keine Osttangente","author":"Admin","date":"14. M\u00e4rz 2016","format":false,"excerpt":"NEUES Die Firma Honold hat auf eine weitere Bewerbung um Mering verzichtet.\u00a0 Der B\u00fcrgermeister h\u00e4lt nach wie vor daran fest, einen Gro\u00dfinvestor zu suchen und der Bebauungsplan Nr. 67 bleibt weiter aktiv. Die \u00dcbergabe der Petition findet daher trotz des R\u00fcckziehers von Honold \u00f6ffentlich am Dienstag, den 24.4.2018 um 17\u2026","rel":"","context":"Mit 35 Kommentaren","block_context":{"text":"Mit 35 Kommentaren","link":"https:\/\/keine-osttangente.de\/?page_id=738#comments"},"img":{"alt_text":"","src":"https:\/\/i0.wp.com\/keine-osttangente.de\/wp-content\/uploads\/2017\/11\/dobrindt-300x233.jpg?resize=350%2C200","width":350,"height":200},"classes":[]},{"id":799,"url":"https:\/\/keine-osttangente.de\/?page_id=799","url_meta":{"origin":10,"position":2},"title":"A1 &#8211; Klimasch\u00e4dliche Abgase und Schadstoffe","author":"Admin","date":"20. M\u00e4rz 2016","format":false,"excerpt":"Thema: Laut Grundkonzeption setzt sich der Bundesverkehrswegeplan (BVWP) zum Ziel, die Emission von klimasch\u00e4dlichen Abgasen und Schadstoffen zu reduzieren. Argumentation 1: Das Ziel des BVWP, klimasch\u00e4dliche Abgase und Schadstoffe zu reduzieren wird nicht erreicht, weil es durch die Osttangente zu einer Zunahme des Verkehrs zwischen A96, B17 und A8 kommen\u2026","rel":"","context":"\u00c4hnlicher Beitrag","block_context":{"text":"\u00c4hnlicher Beitrag","link":""},"img":{"alt_text":"","src":"","width":0,"height":0},"classes":[]},{"id":2480,"url":"https:\/\/keine-osttangente.de\/?page_id=2480","url_meta":{"origin":10,"position":3},"title":"Galerie","author":"Wolfhard von Thienen","date":"25. November 2024","format":false,"excerpt":"\u00a0","rel":"","context":"\u00c4hnlicher Beitrag","block_context":{"text":"\u00c4hnlicher Beitrag","link":""},"img":{"alt_text":"","src":"https:\/\/i0.wp.com\/keine-osttangente.de\/wp-content\/uploads\/2024\/11\/1b269929-e475-41d8-9e72-80d38778e7b6-300x225.jpg?resize=350%2C200&ssl=1","width":350,"height":200,"srcset":"https:\/\/i0.wp.com\/keine-osttangente.de\/wp-content\/uploads\/2024\/11\/1b269929-e475-41d8-9e72-80d38778e7b6-300x225.jpg?resize=350%2C200&ssl=1 1x, https:\/\/i0.wp.com\/keine-osttangente.de\/wp-content\/uploads\/2024\/11\/1b269929-e475-41d8-9e72-80d38778e7b6-300x225.jpg?resize=525%2C300&ssl=1 1.5x"},"classes":[]},{"id":843,"url":"https:\/\/keine-osttangente.de\/?page_id=843","url_meta":{"origin":10,"position":4},"title":"A10 &#8211; St\u00e4dtebauliche Bewertung","author":"Admin","date":"21. M\u00e4rz 2016","format":false,"excerpt":"Thema: Die st\u00e4dtebauliche Bewertung ist zu wenig in die Bewertung der Osttangente eingeflossen. Argumentation 1: Die Gebiete westlich und \u00f6stlich vom Lech sind aus st\u00e4dtebaulicher Sicht unverzichtbare und wichtige Naherholungsbereiche f\u00fcr die Gemeinden Augsburg, K\u00f6nigsbrunn, Schmiechen, Merching, Mering, Kissing, Friedberg und Derching sowie f\u00fcr zahlreiche Besucher aus anderen Regionen. Wichtige\u2026","rel":"","context":"\u00c4hnlicher Beitrag","block_context":{"text":"\u00c4hnlicher Beitrag","link":""},"img":{"alt_text":"","src":"","width":0,"height":0},"classes":[]},{"id":834,"url":"https:\/\/keine-osttangente.de\/?page_id=834","url_meta":{"origin":10,"position":5},"title":"A7 &#8211; Induzierter Verkehr","author":"Admin","date":"21. M\u00e4rz 2016","format":false,"excerpt":"Thema: Die Osttangente induziert neuen Verkehr und verst\u00e4rkt damit die Probleme im Verkehrsbereich. Argumentation 1: Die geplante Osttangente stellt eine \u00fcberregionale Verbindung im Netz zwischen A96, B17, B300 und A8 her. Sie stellt insbesondere f\u00fcr den Ost-West-Verkehrstrom zwischen Lindau\/Salzburg sowie Richtung Ingolstadt eine Abk\u00fcrzung dar. Sie wird daher einen erheblichen\u2026","rel":"","context":"\u00c4hnlicher Beitrag","block_context":{"text":"\u00c4hnlicher Beitrag","link":""},"img":{"alt_text":"","src":"","width":0,"height":0},"classes":[]}],"jetpack_likes_enabled":true,"jetpack_sharing_enabled":true,"_links":{"self":[{"href":"https:\/\/keine-osttangente.de\/index.php?rest_route=\/wp\/v2\/pages\/10"}],"collection":[{"href":"https:\/\/keine-osttangente.de\/index.php?rest_route=\/wp\/v2\/pages"}],"about":[{"href":"https:\/\/keine-osttangente.de\/index.php?rest_route=\/wp\/v2\/types\/page"}],"author":[{"embeddable":true,"href":"https:\/\/keine-osttangente.de\/index.php?rest_route=\/wp\/v2\/users\/1"}],"replies":[{"embeddable":true,"href":"https:\/\/keine-osttangente.de\/index.php?rest_route=%2Fwp%2Fv2%2Fcomments&post=10"}],"version-history":[{"count":31,"href":"https:\/\/keine-osttangente.de\/index.php?rest_route=\/wp\/v2\/pages\/10\/revisions"}],"predecessor-version":[{"id":1860,"href":"https:\/\/keine-osttangente.de\/index.php?rest_route=\/wp\/v2\/pages\/10\/revisions\/1860"}],"wp:attachment":[{"href":"https:\/\/keine-osttangente.de\/index.php?rest_route=%2Fwp%2Fv2%2Fmedia&parent=10"}],"curies":[{"name":"wp","href":"https:\/\/api.w.org\/{rel}","templated":true}]}}